{"id":126,"date":"2022-12-27T14:06:01","date_gmt":"2022-12-27T05:06:01","guid":{"rendered":"https:\/\/www.sis-ac.com\/?page_id=126"},"modified":"2022-12-27T14:06:01","modified_gmt":"2022-12-27T05:06:01","slug":"privacy_policy","status":"publish","type":"page","link":"https:\/\/www.sis-ac.com\/vi\/vietnam\/privacy_policy\/","title":{"rendered":"CH\u00cdNH S\u00c1CH B\u1ea2O M\u1eacT"},"content":{"rendered":"\n<section id=\"content\">\n    <div class=\"inner\">\n        <h2 class=\"section_ttl\">Ch\u00ednh s\u00e1ch b\u1ea3o m\u1eadt<\/h2>\n        <div class=\"txt\">\n            <p>\n                \u30fb\u0110\u1ecbnh ngh\u0129a th\u00f4ng tin c\u00e1 nh\u00e2n<br>\n                <br>\n                Th\u00f4ng tin c\u00e1 nh\u00e2n l\u00e0 th\u00f4ng tin v\u1ec1 m\u1ed9t c\u00e1 nh\u00e2n v\u00e0 \u0111\u1ec1 c\u1eadp \u0111\u1ebfn th\u00f4ng tin c\u00f3 th\u1ec3 x\u00e1c \u0111\u1ecbnh m\u1ed9t c\u00e1 nh\u00e2n c\u1ee5 th\u1ec3, ch\u1eb3ng h\u1ea1n nh\u01b0 t\u00ean, ng\u00e0y sinh, gi\u1edbi t\u00ednh, s\u1ed1 \u0111i\u1ec7n tho\u1ea1i, \u0111\u1ecba ch\u1ec9 email, ngh\u1ec1 nghi\u1ec7p v\u00e0 n\u01a1i l\u00e0m vi\u1ec7c.<br>\n                <br>\n                <br>\n                \u30fbThu th\u1eadp v\u00e0 s\u1eed d\u1ee5ng th\u00f4ng tin c\u00e1 nh\u00e2n<br>\n                <br>\n                Ch\u00fang t\u00f4i s\u1ebd ch\u1ec9 thu th\u1eadp v\u00e0 s\u1eed d\u1ee5ng th\u00f4ng tin c\u00e1 nh\u00e2n trong ph\u1ea1m vi cho c\u00e1c m\u1ee5c \u0111\u00edch sau. Vi\u1ec7c thu th\u1eadp v\u00e0 s\u1eed d\u1ee5ng th\u00f4ng tin c\u00e1 nh\u00e2n c\u1ee7a C\u00f4ng ty d\u1ef1a tr\u00ean s\u1ef1 t\u1ef1 nguy\u1ec7n cung c\u1ea5p c\u1ee7a kh\u00e1ch h\u00e0ng v\u00e0 khi kh\u00e1ch h\u00e0ng cung c\u1ea5p th\u00f4ng tin c\u00e1 nh\u00e2n, kh\u00e1ch h\u00e0ng \u0111\u1ed3ng \u00fd v\u1edbi vi\u1ec7c s\u1eed d\u1ee5ng th\u00f4ng tin c\u00e1 nh\u00e2n theo ch\u00ednh s\u00e1ch n\u00e0y.<br>\n                <br>\n                C\u00e1c c\u00e2u h\u1ecfi v\u00e0 x\u00e1c nh\u1eadn t\u1eeb c\u00f4ng ty ch\u00fang t\u00f4i c\u1ea7n thi\u1ebft cho vi\u1ec7c th\u1ef1c hi\u1ec7n kinh doanh v\u00e0 thu th\u1eadp \u00fd ki\u1ebfn \u200b\u200b\u0111\u1ec3 c\u1ea3i thi\u1ec7n d\u1ecbch v\u1ee5\n                <br>\n                <br>\n                \u30fbCung c\u1ea5p th\u00f4ng tin c\u00e1 nh\u00e2n cho b\u00ean th\u1ee9 ba<br>\n                <br>\n                Ch\u00fang t\u00f4i s\u1ebd kh\u00f4ng ti\u1ebft l\u1ed9 ho\u1eb7c cung c\u1ea5p th\u00f4ng tin c\u00e1 nh\u00e2n cho b\u00ean th\u1ee9 ba m\u00e0 kh\u00f4ng c\u00f3 s\u1ef1 \u0111\u1ed3ng \u00fd tr\u01b0\u1edbc c\u1ee7a c\u00e1 nh\u00e2n \u0111\u00f3, tr\u1eeb khi c\u00f3 l\u00fd do ch\u00ednh \u0111\u00e1ng ch\u1eb3ng h\u1ea1n nh\u01b0 tr\u01b0\u1eddng h\u1ee3p d\u1ef1a tr\u00ean lu\u1eadt ph\u00e1p v\u00e0 ph\u00e1p l\u1ec7nh.<br>\n                <br>\n                <br>\n                \u30fbGi\u00e1m s\u00e1t nh\u00e0 th\u1ea7u ph\u1ee5<br>\n                <br>\n                Ch\u00fang t\u00f4i c\u00f3 th\u1ec3 cung c\u1ea5p m\u1ed9t ph\u1ea7n th\u00f4ng tin c\u00e1 nh\u00e2n cho c\u00e1c nh\u00e0 th\u1ea7u b\u00ean ngo\u00e0i \u0111\u1ec3 th\u1ef1c hi\u1ec7n c\u00f4ng vi\u1ec7c kinh doanh nh\u01b0 cung c\u1ea5p s\u1ea3n ph\u1ea9m v\u00e0 d\u1ecbch v\u1ee5 cho kh\u00e1ch h\u00e0ng c\u1ee7a ch\u00fang t\u00f4i. Trong tr\u01b0\u1eddng h\u1ee3p \u0111\u00f3, ch\u00fang t\u00f4i s\u1ebd qu\u1ea3n l\u00fd nh\u00e0 th\u1ea7u ph\u1ee5 \u0111\u1ec3 h\u1ecd x\u1eed l\u00fd th\u00f4ng tin c\u00e1 nh\u00e2n m\u1ed9t c\u00e1ch th\u00edch h\u1ee3p.<br>\n                <br>\n                <br>\n                \u30fbQu\u1ea3n l\u00fd th\u00f4ng tin c\u00e1 nh\u00e2n<br>\n                <br>\n                \u0110\u1ec3 ng\u0103n ch\u1eb7n r\u00f2 r\u1ec9, m\u1ea5t m\u00e1t,  thi\u1ec7t h\u1ea1i, v.v. th\u00f4ng tin c\u00e1 nh\u00e2n, ch\u00fang t\u00f4i \u0111\u00e3 ch\u1ec9 \u0111\u1ecbnh m\u1ed9t ng\u01b0\u1eddi ch\u1ecbu tr\u00e1ch nhi\u1ec7m qu\u1ea3n l\u00fd b\u1ea3o v\u1ec7 th\u00f4ng tin c\u00e1 nh\u00e2n, n\u1ed7 l\u1ef1c b\u1ea3o v\u1ec7 an ninh \u0111\u1ea7y \u0111\u1ee7 v\u00e0 gi\u1eef cho th\u00f4ng tin c\u00e1 nh\u00e2n lu\u00f4n ch\u00ednh x\u00e1c v\u00e0 c\u1eadp nh\u1eadt. qu\u1ea3n l\u00fd th\u00f4ng tin c\u00e1 nh\u00e2n \u0111\u01b0\u1ee3c \u1ee7y th\u00e1c b\u1edfi ch\u00fang t\u00f4i.<br>\n                <br>\n                <br>\n                \u30fbS\u1eeda \u0111\u1ed5i ho\u1eb7c x\u00f3a n\u1ed9i dung <br>\n                <br>\n                N\u1ebfu kh\u00e1ch h\u00e0ng mu\u1ed1n s\u1eeda ho\u1eb7c x\u00f3a th\u00f4ng tin c\u00e1 nh\u00e2n \u0111\u00e3 cung c\u1ea5p cho ch\u00fang t\u00f4i, ch\u00fang t\u00f4i s\u1ebd nhanh ch\u00f3ng ph\u1ea3n h\u1ed3i trong ph\u1ea1m vi h\u1ee3p l\u00fd sau khi x\u00e1c nh\u1eadn danh t\u00ednh c\u1ee7a kh\u00e1ch h\u00e0ng.<br>\n                <br>\n                <br>\n                \u30fbB\u1ea3o v\u1ec7<br>\n                <br>\n                Ch\u00fang t\u00f4i s\u1eed d\u1ee5ng c\u00f4ng ngh\u1ec7 m\u00e3 h\u00f3a SSL (Secure Sockets Layer) \u0111\u1ec3 m\u00e3 h\u00f3a c\u00e1c li\u00ean l\u1ea1c khi th\u00f4ng tin kh\u00e1ch h\u00e0ng \u0111\u01b0\u1ee3c g\u1eedi \u0111i.\n            <\/p>\n        <\/div>\n    <\/div>\n<\/section>\n","protected":false},"excerpt":{"rendered":"<p>Ch\u00ednh s\u00e1ch b\u1ea3o m\u1eadt \u30fb\u0110\u1ecbnh ngh\u0129a th\u00f4ng tin c\u00e1 nh\u00e2n Th\u00f4ng tin c\u00e1 nh\u00e2n l\u00e0 th\u00f4ng tin v\u1ec1 m\u1ed9t c\u00e1 nh\u00e2n v\u00e0 \u0111\u1ec1 c\u1eadp \u0111\u1ebfn th\u00f4ng tin c\u00f3 th\u1ec3 x\u00e1c \u0111\u1ecbnh m\u1ed9t c\u00e1 nh\u00e2n c\u1ee5 th\u1ec3, ch\u1eb3ng h\u1ea1n nh\u01b0 t\u00ean, ng\u00e0y sinh, gi\u1edbi t\u00ednh, s\u1ed1 \u0111i\u1ec7n tho\u1ea1i, \u0111\u1ecba ch\u1ec9 email, ngh\u1ec1 nghi\u1ec7p v\u00e0 n\u01a1i l\u00e0m [&hellip;]<\/p>\n","protected":false},"author":1,"featured_media":0,"parent":108,"menu_order":0,"comment_status":"closed","ping_status":"closed","template":"","meta":{"_locale":"vi","_original_post":"https:\/\/www.sis-ac.com\/?page_id=30","footnotes":""},"class_list":["post-126","page","type-page","status-publish","hentry","vi"],"_links":{"self":[{"href":"https:\/\/www.sis-ac.com\/wp-json\/wp\/v2\/pages\/126","targetHints":{"allow":["GET"]}}],"collection":[{"href":"https:\/\/www.sis-ac.com\/wp-json\/wp\/v2\/pages"}],"about":[{"href":"https:\/\/www.sis-ac.com\/wp-json\/wp\/v2\/types\/page"}],"author":[{"embeddable":true,"href":"https:\/\/www.sis-ac.com\/wp-json\/wp\/v2\/users\/1"}],"replies":[{"embeddable":true,"href":"https:\/\/www.sis-ac.com\/wp-json\/wp\/v2\/comments?post=126"}],"version-history":[{"count":1,"href":"https:\/\/www.sis-ac.com\/wp-json\/wp\/v2\/pages\/126\/revisions"}],"predecessor-version":[{"id":127,"href":"https:\/\/www.sis-ac.com\/wp-json\/wp\/v2\/pages\/126\/revisions\/127"}],"up":[{"embeddable":true,"href":"https:\/\/www.sis-ac.com\/wp-json\/wp\/v2\/pages\/108"}],"wp:attachment":[{"href":"https:\/\/www.sis-ac.com\/wp-json\/wp\/v2\/media?parent=126"}],"curies":[{"name":"wp","href":"https:\/\/api.w.org\/{rel}","templated":true}]}}