{"id":124,"date":"2022-12-27T14:02:54","date_gmt":"2022-12-27T05:02:54","guid":{"rendered":"https:\/\/www.sis-ac.com\/?page_id=124"},"modified":"2022-12-27T14:02:54","modified_gmt":"2022-12-27T05:02:54","slug":"more_information","status":"publish","type":"page","link":"https:\/\/www.sis-ac.com\/vi\/vietnam\/more_information\/","title":{"rendered":"Th\u00f4ng tin kh\u00e1c"},"content":{"rendered":"\n<section id=\"dormitory\">\n    <div class=\"inner\">\n        <h2 class=\"section_ttl\">K\u00fd t\u00fac x\u00e1<\/h2>\n        <p class=\"intro\">\n            T\u1eeb k\u00ed t\u00fac x\u00e1 m\u1ea5t 6 ph\u00fat \u0111i b\u1ed9 \u0111\u1ebfn Tr\u01b0\u1eddng. M\u1ea5t 3 ph\u00fat \u0111i b\u1ed9 \u0111\u1ebfn Tuy\u1ebfn ch\u00ednh Hanshin &#8220;Ga Sumiyoshi&#8221;, m\u1ea5t 12 ph\u00fat \u0111i b\u1ed9 \u0111\u1ebfn &#8220;Ga JR Sumiyoshi&#8221;  . K\u00ed t\u00fac x\u00e1 r\u1ea5t an to\u00e0n v\u00e0 \u0111\u01b0\u1ee3c trang b\u1ecb kh\u00f3a t\u1ef1 \u0111\u1ed9ng.\n        <\/p>\n        <h3>Sumiyoshi Sky Blue<\/h3>\n        <div class=\"row\">\n            <ul>\n                <li>Ph\u00f2ng 101 (ph\u00f2ng ki\u1ec3u ph\u01b0\u01a1ng T\u00e2y, 6 chi\u1ebfu tatami)<\/li>\n                <li>Ph\u00f2ng 102 (ph\u00f2ng ki\u1ec3u ph\u01b0\u01a1ng T\u00e2y 7 chi\u1ebfu tatami))<\/li>\n                <li>Ph\u00f2ng 103 (ph\u00f2ng ki\u1ec3u ph\u01b0\u01a1ng T\u00e2y, 6 chi\u1ebfu tatami)<\/li>\n            <\/ul>\n            <ul>\n                <li>Ti\u1ec1n thu\u00ea nh\u00e0 (gi\u00e1 m\u1ed9t ph\u00f2ng) <\/li>\n                <li>46.000 y\u00ean (ch\u01b0a bao g\u1ed3m thu\u1ebf)<\/li>\n                <li>*Kh\u00f4ng bao g\u1ed3m chi ph\u00ed ti\u1ec7n \u00edch ri\u00eang<\/li>\n            <\/ul>\n        <\/div>\n        <div class=\"group\">\n            <h4>C\u01a1 s\u1edf v\u1eadt ch\u1ea5t <\/h4>\n            <p class=\"desc\">\n                \u0110i\u1ec1u h\u00f2a, t\u1ee7 l\u1ea1nh, m\u00e1y gi\u1eb7t, b\u00ecnh n\u00f3ng l\u1ea1nh, gi\u01b0\u1eddng, b\u00e0n\n            <\/p>\n        <\/div>\n        <div class=\"group\">\n            <h4>Th\u1eddi gian h\u1ee3p \u0111\u1ed3ng <\/h4>\n            <p class=\"desc\">\n                h\u1ee3p \u0111\u1ed3ng 6 th\u00e1ng \u0111\u1ea7u, sau \u0111\u00f3 h\u1ee3p \u0111\u1ed3ng 3 th\u00e1ng m\u1ed9t l\u1ea7n\n            <\/p>\n        <\/div>\n        <div class=\"slide_area\">\n            <div class=\"dormitory_slider\">\n                <div class=\"slide\">\n                    <p class=\"img\"><img decoding=\"async\" src=\"https:\/\/www.sis-ac.com\/wp-content\/themes\/sis\/img\/more_information\/dormitory_slide01.jpg\" alt=\"\u7269\u4ef6\u5199\u771f\"><\/p>\n                <\/div>\n                <div class=\"slide\">\n                    <p class=\"img\"><img decoding=\"async\" src=\"https:\/\/www.sis-ac.com\/wp-content\/themes\/sis\/img\/more_information\/dormitory_slide01.jpg\" alt=\"\u7269\u4ef6\u5199\u771f\"><\/p>\n                <\/div>\n                <div class=\"slide\">\n                    <p class=\"img\"><img decoding=\"async\" src=\"https:\/\/www.sis-ac.com\/wp-content\/themes\/sis\/img\/more_information\/dormitory_slide01.jpg\" alt=\"\u7269\u4ef6\u5199\u771f\"><\/p>\n                <\/div>\n                <div class=\"slide\">\n                    <p class=\"img\"><img decoding=\"async\" src=\"https:\/\/www.sis-ac.com\/wp-content\/themes\/sis\/img\/more_information\/dormitory_slide01.jpg\" alt=\"\u7269\u4ef6\u5199\u771f\"><\/p>\n                <\/div>\n                <div class=\"slide\">\n                    <p class=\"img\"><img decoding=\"async\" src=\"https:\/\/www.sis-ac.com\/wp-content\/themes\/sis\/img\/more_information\/dormitory_slide01.jpg\" alt=\"\u7269\u4ef6\u5199\u771f\"><\/p>\n                <\/div>\n                <div class=\"slide\">\n                    <p class=\"img\"><img decoding=\"async\" src=\"https:\/\/www.sis-ac.com\/wp-content\/themes\/sis\/img\/more_information\/dormitory_slide01.jpg\" alt=\"\u7269\u4ef6\u5199\u771f\"><\/p>\n                <\/div>\n            <\/div>\n        <\/div>\n        <div class=\"other\">\n            <h2>C\u00f3 th\u1ec3 gi\u1edbi thi\u1ec7u c\u00e1c n\u01a1i \u1edf kh\u00e1c <\/h2>\n            <ul>\n                <li>\n                    <a href=\"https:\/\/jafplaza.com\/\" target=\"_blank\" rel=\"noopener\">\n                        <p class=\"img\">\n                            <img decoding=\"async\" src=\"https:\/\/www.sis-ac.com\/wp-content\/themes\/sis\/img\/more_information\/dormitory_img1.jpg\" alt=\"J&amp;F PLAZA\">\n                        <\/p>\n                        <div class=\"txt\">\n                            <p class=\"name\">J&amp;F PLAZA<\/p>\n                            <p class=\"link\">www.jafplaza.com<\/p>\n                        <\/div>\n                    <\/a>\n                <\/li>\n                <li>\n                    <a href=\"https:\/\/dormy-ac.com\/\" target=\"_blank\" rel=\"noopener\">\n                        <p class=\"img\">\n                            <img decoding=\"async\" src=\"https:\/\/www.sis-ac.com\/wp-content\/themes\/sis\/img\/more_information\/dormitory_img2.jpg\" alt=\"\u5b66\u751f\u4f1a\u9928GUIDE\">\n                        <\/p>\n                        <div class=\"txt\">\n                            <p class=\"name\">H\u01b0\u1edbng d\u1eabn h\u1ed9i tr\u01b0\u1eddng sinh vi\u00ean<\/p>\n                            <p class=\"link\">www.gakuseikaikan.com<\/p>\n                        <\/div>\n                    <\/a>\n                <\/li>\n            <\/ul>\n        <\/div>\n    <\/div>\n<\/section>\n\n<section id=\"ex\">\n    <div class=\"inner\">\n        <h2 class=\"section_ttl\">L\u1edbp h\u1ecdc ngo\u1ea1i kh\u00f3a<\/h2>\n        <p class=\"intro\">\n            Tr\u01b0\u1eddng lu\u00f4n  t\u1ed5 ch\u1ee9c c\u00e1c chuy\u1ebfn tham quan m\u1ed9t ng\u00e0y b\u1eb1ng xe bu\u00fdt v\u00e0 c\u00e1c cu\u1ed9c thi th\u1ec3 thao \u0111\u1ec3 h\u1ecdc vi\u00ean c\u00f3 th\u1ec3  v\u1eeba h\u1ecdc v\u1eeba vui ch\u01a1i, \u0111\u1ed3ng th\u1eddi th\u1eaft ch\u1eb7t t\u00ecnh b\u1ea1n gi\u1eefa t\u1ea5t c\u1ea3 h\u1ecdc vi\u00ean v\u1edbi gi\u00e1o vi\u00ean.\n        <\/p>\n        <div class=\"slide_area\">\n            <div class=\"ex_slider\">\n                <div class=\"slide\">\n                    <p class=\"img\"><img decoding=\"async\" src=\"https:\/\/www.sis-ac.com\/wp-content\/themes\/sis\/img\/more_information\/ex_slide01.jpg\" alt=\"\u8ab2\u5916\u6388\u696d\"><\/p>\n                    <div class=\"txt\">\n                        <p class=\"ttl\">V\u00e0o th\u00e1ng 7 h\u00e0ng n\u0103m, du l\u1ecbch trong ng\u00e0y b\u1eb1ng xe bu\u00fdt<\/p>\n                        <p class=\"desc\">\n                            1 n\u0103m \u0111i tham quan, d\u00e3 ngo\u1ea1i Kyoto ho\u1eb7c Awajishima\n                        <\/p>\n                    <\/div>\n                <\/div>\n                <div class=\"slide\">\n                    <p class=\"img\"><img decoding=\"async\" src=\"https:\/\/www.sis-ac.com\/wp-content\/themes\/sis\/img\/more_information\/ex_slide01.jpg\" alt=\"\u8ab2\u5916\u6388\u696d\"><\/p>\n                    <div class=\"txt\">\n                        <p class=\"ttl\">V\u00e0o th\u00e1ng 7 h\u00e0ng n\u0103m, du l\u1ecbch trong ng\u00e0y b\u1eb1ng xe bu\u00fdt<\/p>\n                        <p class=\"desc\">\n                            1 n\u0103m \u0111i tham quan, d\u00e3 ngo\u1ea1i Kyoto ho\u1eb7c Awajishima\n                        <\/p>\n                    <\/div>\n                <\/div>\n                <div class=\"slide\">\n                    <p class=\"img\"><img decoding=\"async\" src=\"https:\/\/www.sis-ac.com\/wp-content\/themes\/sis\/img\/more_information\/ex_slide01.jpg\" alt=\"\u8ab2\u5916\u6388\u696d\"><\/p>\n                    <div class=\"txt\">\n                        <p class=\"ttl\">V\u00e0o th\u00e1ng 7 h\u00e0ng n\u0103m, du l\u1ecbch trong ng\u00e0y b\u1eb1ng xe bu\u00fdt<\/p>\n                        <p class=\"desc\">\n                            1 n\u0103m \u0111i tham quan, d\u00e3 ngo\u1ea1i Kyoto ho\u1eb7c Awajishima\n                        <\/p>\n                    <\/div>\n                <\/div>\n                <div class=\"slide\">\n                    <p class=\"img\"><img decoding=\"async\" src=\"https:\/\/www.sis-ac.com\/wp-content\/themes\/sis\/img\/more_information\/ex_slide01.jpg\" alt=\"\u8ab2\u5916\u6388\u696d\"><\/p>\n                    <div class=\"txt\">\n                        <p class=\"ttl\">V\u00e0o th\u00e1ng 7 h\u00e0ng n\u0103m, du l\u1ecbch trong ng\u00e0y b\u1eb1ng xe bu\u00fdt<\/p>\n                        <p class=\"desc\">\n                            1 n\u0103m \u0111i tham quan, d\u00e3 ngo\u1ea1i Kyoto ho\u1eb7c Awajishima\n                        <\/p>\n                    <\/div>\n                <\/div>\n                <div class=\"slide\">\n                    <p class=\"img\"><img decoding=\"async\" src=\"https:\/\/www.sis-ac.com\/wp-content\/themes\/sis\/img\/more_information\/ex_slide01.jpg\" alt=\"\u8ab2\u5916\u6388\u696d\"><\/p>\n                    <div class=\"txt\">\n                        <p class=\"ttl\">V\u00e0o th\u00e1ng 7 h\u00e0ng n\u0103m, du l\u1ecbch trong ng\u00e0y b\u1eb1ng xe bu\u00fdt<\/p>\n                        <p class=\"desc\">\n                            1 n\u0103m \u0111i tham quan, d\u00e3 ngo\u1ea1i Kyoto ho\u1eb7c Awajishima\n                        <\/p>\n                    <\/div>\n                <\/div>\n                <div class=\"slide\">\n                    <p class=\"img\"><img decoding=\"async\" src=\"https:\/\/www.sis-ac.com\/wp-content\/themes\/sis\/img\/more_information\/ex_slide01.jpg\" alt=\"\u8ab2\u5916\u6388\u696d\"><\/p>\n                    <div class=\"txt\">\n                        <p class=\"ttl\">V\u00e0o th\u00e1ng 7 h\u00e0ng n\u0103m, du l\u1ecbch trong ng\u00e0y b\u1eb1ng xe bu\u00fdt<\/p>\n                        <p class=\"desc\">\n                            1 n\u0103m \u0111i tham quan, d\u00e3 ngo\u1ea1i Kyoto ho\u1eb7c Awajishima\n                        <\/p>\n                    <\/div>\n                <\/div>\n            <\/div>\n        <\/div>\n    <\/div>\n<\/section>\n","protected":false},"excerpt":{"rendered":"<p>K\u00fd t\u00fac x\u00e1 T\u1eeb k\u00ed t\u00fac x\u00e1 m\u1ea5t 6 ph\u00fat \u0111i b\u1ed9 \u0111\u1ebfn Tr\u01b0\u1eddng. M\u1ea5t 3 ph\u00fat \u0111i b\u1ed9 \u0111\u1ebfn Tuy\u1ebfn ch\u00ednh Hanshin &#8220;Ga Sumiyoshi&#8221;, m\u1ea5t 12 ph\u00fat \u0111i b\u1ed9 \u0111\u1ebfn &#8220;Ga JR Sumiyoshi&#8221; . K\u00ed t\u00fac x\u00e1 r\u1ea5t an to\u00e0n v\u00e0 \u0111\u01b0\u1ee3c trang b\u1ecb kh\u00f3a t\u1ef1 \u0111\u1ed9ng. Sumiyoshi Sky Blue Ph\u00f2ng 101 (ph\u00f2ng ki\u1ec3u [&hellip;]<\/p>\n","protected":false},"author":1,"featured_media":0,"parent":108,"menu_order":0,"comment_status":"closed","ping_status":"closed","template":"","meta":{"_locale":"vi","_original_post":"https:\/\/www.sis-ac.com\/?page_id=26","footnotes":""},"class_list":["post-124","page","type-page","status-publish","hentry","vi"],"_links":{"self":[{"href":"https:\/\/www.sis-ac.com\/wp-json\/wp\/v2\/pages\/124","targetHints":{"allow":["GET"]}}],"collection":[{"href":"https:\/\/www.sis-ac.com\/wp-json\/wp\/v2\/pages"}],"about":[{"href":"https:\/\/www.sis-ac.com\/wp-json\/wp\/v2\/types\/page"}],"author":[{"embeddable":true,"href":"https:\/\/www.sis-ac.com\/wp-json\/wp\/v2\/users\/1"}],"replies":[{"embeddable":true,"href":"https:\/\/www.sis-ac.com\/wp-json\/wp\/v2\/comments?post=124"}],"version-history":[{"count":1,"href":"https:\/\/www.sis-ac.com\/wp-json\/wp\/v2\/pages\/124\/revisions"}],"predecessor-version":[{"id":125,"href":"https:\/\/www.sis-ac.com\/wp-json\/wp\/v2\/pages\/124\/revisions\/125"}],"up":[{"embeddable":true,"href":"https:\/\/www.sis-ac.com\/wp-json\/wp\/v2\/pages\/108"}],"wp:attachment":[{"href":"https:\/\/www.sis-ac.com\/wp-json\/wp\/v2\/media?parent=124"}],"curies":[{"name":"wp","href":"https:\/\/api.w.org\/{rel}","templated":true}]}}