{"id":122,"date":"2022-12-27T13:59:36","date_gmt":"2022-12-27T04:59:36","guid":{"rendered":"https:\/\/www.sis-ac.com\/?page_id=122"},"modified":"2023-12-14T18:38:04","modified_gmt":"2023-12-14T09:38:04","slug":"daily","status":"publish","type":"page","link":"https:\/\/www.sis-ac.com\/vi\/vietnam\/daily\/","title":{"rendered":"M\u1ed9t ng\u00e0y c\u1ee7a H\u1ecdc vi\u00ean"},"content":{"rendered":"\n<section id=\"case\">\n    <div class=\"inner\">\n        <div class=\"list\">\n            <div class=\"case\">\n                <h2>Case 1<\/h2>\n                <p class=\"name\">\n                    <span>Khine Zar Thwin<\/span>Khine Zar Thwin(Myanmar)\n                <\/p>\n                <div class=\"row\">\n                    <p class=\"img\">\n                        <img decoding=\"async\" src=\"https:\/\/www.sis-ac.com\/wp-content\/themes\/sis\/img\/daily\/case_1_img1.jpg\" alt=\"Khine Zar Thwin\">\n                    <\/p>\n                    <p class=\"txt\">\n                        M\u1ee5c ti\u00eau c\u1ee7a t\u00f4i l\u00e0 h\u1ecdc qu\u1ea3n tr\u1ecb kinh doanh t\u1ea1i m\u1ed9t tr\u01b0\u1eddng \u0111\u1ea1i h\u1ecdc Nh\u1eadt B\u1ea3n v\u00e0 m\u1ee5c ti\u00eau c\u00f4ng vi\u1ec7c c\u1ee7a t\u00f4i l\u00e0 l\u00e0m vi\u1ec7c v\u1edbi t\u01b0 c\u00e1ch l\u00e0 ng\u01b0\u1eddi s\u00e1ng t\u1ea1o n\u1ed9i dung trong c\u00f4ng ty Nh\u1eadt B\u1ea3n. S\u1ed1ng \u1edf m\u1ed9t \u0111\u1ea5t n\u01b0\u1edbc ph\u00e1t tri\u1ec3n v\u1ec1 kinh t\u1ebf nh\u01b0 Nh\u1eadt B\u1ea3n th\u00ec cu\u1ed9c s\u1ed1ng c\u0169ng c\u00f3 nhi\u1ec1u kh\u00f3 kh\u0103nnh\u01b0ng t\u00f4i \u0111\u00e3 h\u1ecdc t\u1eadp \u0111\u01b0\u1ee3c r\u1ea5t nhi\u1ec1u th\u1ee9 khi sinh s\u1ed1ng \u1edf \u0111\u00e2y.  Cu\u1ed9c s\u1ed1ng h\u00e0ng ng\u00e0y \u1edf Nh\u1eadt B\u1ea3n r\u1ea5t b\u1eadn r\u1ed9n. Sau khi  h\u1ecdc ti\u1ebfng Nh\u1eadt \u1edf Tr\u01b0\u1eddng xong th\u00ec t\u00f4i l\u00e0m vi\u1ec7c b\u00e1n th\u1eddi gian t\u1ea1i m\u1ed9t c\u1eeda h\u00e0ng M\u00ec. Trong c\u00f4ng vi\u1ec7c c\u00f3 r\u1ea5t nhi\u1ec1u th\u1ee9 ph\u1ea3i ghi nh\u1edb n\u00ean c\u0169ng r\u1ea5t v\u1ea5t v\u1ea3, nh\u01b0ng \u0111\u00f3 l\u00e0 kho\u1ea3ng th\u1eddi gian r\u1ea5t qu\u00fd gi\u00e1 v\u00ec t\u00f4i c\u00f3 th\u1ec3 h\u1ecdc \u0111\u01b0\u1ee3c nh\u1eefng \u0111i\u1ec1u m\u00e0 kh\u00f4ng th\u1ec3 h\u1ecdc \u0111\u01b0\u1ee3c \u1edf tr\u00ean  l\u1edbp. V\u00e0o nh\u1eefng ng\u00e0y ngh\u1ec9, t\u00f4i th\u01b0\u1eddng \u0111i ch\u01a1i, \u0111i mua s\u1eafm. T\u00f4i th\u1ef1c s\u1ef1 th\u00edch vi\u1ec7c giao ti\u1ebfp v\u1edbi m\u1ecdi ng\u01b0\u1eddi t\u1eeb kh\u1eafp n\u01a1i tr\u00ean th\u1ebf gi\u1edbi v\u00e0 t\u00ecm hi\u1ec3u v\u1ec1 c\u00e1c n\u1ec1n v\u0103n h\u00f3a kh\u00e1c nhau.\n                    <\/p>\n                <\/div>\n                <div class=\"schedule\">\n                    <h3>cu\u1ed9c s\u1ed1ng th\u01b0\u1eddng ng\u00e0y<\/h3>\n                    <div class=\"row\">\n                        <div class=\"table\">\n                            <dl>\n                                <dt>10:00-12:00<\/dt>\n                                <dd>Th\u1eddi gian r\u1ea3nh\/L\u00e0m vi\u1ec7c nh\u00e0<\/dd>\n                                <dt>13:00-16:30<\/dt>\n                                <dd>Th\u1eddi gian h\u1ecdc tr\u00ean Tr\u01b0\u1eddng<\/dd>\n                                <dt>18:00-22:00<\/dt>\n                                <dd>L\u00e0m th\u00eam<\/dd>\n                                <dt>22:00<\/dt>\n                                <dd>V\u1ec1 nh\u00e0<small>(L\u00e0m b\u00e0i t\u1eadp , \u0111i\u1ec7n tho\u1ea1i n\u00f3i chuy\u1ec7n v\u1edbi gia \u0111\u00ecnh)<\/small><\/dd>\n                            <\/dl>\n                        <\/div>\n                        <p class=\"schedule_img\">\n                            <img decoding=\"async\" src=\"https:\/\/www.sis-ac.com\/wp-content\/themes\/sis\/img\/daily\/case_1_img2.png\" alt=\"\u5e73\u65e5\u306e\u751f\u6d3b\">\n                        <\/p>\n                        <p class=\"schedule_img\">\n                            <img decoding=\"async\" src=\"https:\/\/www.sis-ac.com\/wp-content\/themes\/sis\/img\/daily\/case_1_img3.png\" alt=\"\u5e73\u65e5\u306e\u751f\u6d3b\">\n                        <\/p>\n                    <\/div>\n                <\/div>\n            <\/div>\n            <div class=\"case\">\n                <h2>Case 2<\/h2>\n                <p class=\"name\">\n                    <span>VO THI DIEM MY<\/span>VO THI DIEM MY(Vi\u1ec7t Nam)\n                <\/p>\n                <div class=\"row\">\n                    <p class=\"img\">\n                        <img decoding=\"async\" src=\"https:\/\/www.sis-ac.com\/wp-content\/themes\/sis\/img\/daily\/case_2_img1.jpg\" alt=\"VO THI DIEM MY\">\n                    <\/p>\n                    <p class=\"txt\">\n                        Trong t\u01b0\u01a1ng lai t\u00f4i mu\u1ed1n h\u1ecdc Marketing t\u1ea1i Tr\u01b0\u1eddng \u0110\u1ea1i h\u1ecdc v\u00ec th\u1ebf m\u1ed7i ng\u00e0y t\u00f4i lu\u00f4n c\u1ed1 g\u1eafng h\u1ecdc Ti\u1ebfng Nh\u1eadt. C\u00f4ng vi\u1ec7c l\u00e0m th\u00eam c\u1ee7a t\u00f4i l\u00e0 ph\u00e1t b\u00e1o, trong c\u00f4ng vi\u1ec7c c\u00f3 r\u1ea5t nhi\u1ec1u th\u1ee9 ph\u1ea3i ghi nh\u1edb, ngay c\u1ea3 nh\u1eefng ng\u00e0y m\u01b0a, b\u00e3o c\u0169ng ph\u1ea3i \u0111i l\u00e0m vi\u1ec7c n\u00ean r\u1ea5t v\u1ea5t v\u1ea3. Nh\u01b0ng t\u00f4i \u0111\u00e3 h\u1ecdc \u0111\u01b0\u1ee3c t\u1ea7m quan tr\u1ecdng c\u1ee7a tr\u00e1ch nhi\u1ec7m v\u1edbi c\u00f4ng vi\u1ec7c. Cu\u1ed9c s\u1ed1ng c\u1ee7a Nh\u1eadt r\u1ea5t b\u1eadn r\u1ed9n, t\u00f4i ph\u1ea3i n\u1ea5u \u0103n, d\u1ecdn d\u1eb9p nh\u00e0 c\u1eeda v\u00e0 h\u1ecdc ti\u1ebfng Nh\u1eadt. V\u00e0o nh\u1eefng ng\u00e0y ngh\u1ec9, t\u00f4i th\u00edch \u0111i ch\u01a1i v\u1edbi b\u1ea1n b\u00e8 v\u00e0 \u0111i mua s\u1eafm.  \n                    <\/p>\n                <\/div>\n                <div class=\"schedule\">\n                    <h3>sinh ho\u1ea1t th\u01b0\u1eddng ng\u00e0y<\/h3>\n                    <div class=\"row\">\n                        <div class=\"table\">\n                            <dl>\n                                <dt>3:00<\/dt>\n                                <dd>Th\u1eddi gian l\u00e0m th\u00eam \u0111i giao b\u00e1o<small class=\"xs\">(bu\u1ed5i s\u00e1ng)<\/small><\/dd>\n                                <dt>9:00-12:30<\/dt>\n                                <dd>Th\u1eddi gian h\u1ecdc tr\u00ean Tr\u01b0\u1eddng<\/dd>\n                                <dt>14:00<\/dt>\n                                <dd>14:00 Th\u1eddi gian l\u00e0m th\u00eam \u0111i giao b\u00e1o<small class=\"xs\">(bu\u1ed5i chi\u1ec1u)<\/small><\/dd>\n                                <dt>16:00<\/dt>\n                                <dd>V\u1ec1 nh\u00e0<small>(L\u00e0m b\u00e0i t\u1eadp , \u0111i\u1ec7n tho\u1ea1i n\u00f3i chuy\u1ec7n v\u1edbi gia \u0111\u00ecnh)<\/small><\/small><\/dd>\n                            <\/dl>\n                        <\/div>\n                        <p class=\"schedule_img\">\n                            <img decoding=\"async\" src=\"https:\/\/www.sis-ac.com\/wp-content\/themes\/sis\/img\/daily\/case_2_img2.png\" alt=\"\u5e73\u65e5\u306e\u751f\u6d3b\">\n                        <\/p>\n                        <p class=\"schedule_img\">\n                            <img decoding=\"async\" src=\"https:\/\/www.sis-ac.com\/wp-content\/themes\/sis\/img\/daily\/case_2_img3.png\" alt=\"\u5e73\u65e5\u306e\u751f\u6d3b\">\n                        <\/p>\n                    <\/div>\n                <\/div>\n            <\/div>\n        <\/div>\n    <\/div>\n<\/section>\n","protected":false},"excerpt":{"rendered":"<p>Case 1 Khine Zar ThwinKhine Zar Thwin(Myanmar) M\u1ee5c ti\u00eau c\u1ee7a t\u00f4i l\u00e0 h\u1ecdc qu\u1ea3n tr\u1ecb kinh doanh t\u1ea1i m\u1ed9t tr\u01b0\u1eddng \u0111\u1ea1i h\u1ecdc Nh\u1eadt B\u1ea3n v\u00e0 m\u1ee5c ti\u00eau c\u00f4ng vi\u1ec7c c\u1ee7a t\u00f4i l\u00e0 l\u00e0m vi\u1ec7c v\u1edbi t\u01b0 c\u00e1ch l\u00e0 ng\u01b0\u1eddi s\u00e1ng t\u1ea1o n\u1ed9i dung trong c\u00f4ng ty Nh\u1eadt B\u1ea3n. S\u1ed1ng \u1edf m\u1ed9t \u0111\u1ea5t n\u01b0\u1edbc ph\u00e1t tri\u1ec3n [&hellip;]<\/p>\n","protected":false},"author":1,"featured_media":0,"parent":108,"menu_order":0,"comment_status":"closed","ping_status":"closed","template":"","meta":{"_locale":"vi","_original_post":"https:\/\/www.sis-ac.com\/?page_id=24","footnotes":""},"class_list":["post-122","page","type-page","status-publish","hentry","vi"],"_links":{"self":[{"href":"https:\/\/www.sis-ac.com\/wp-json\/wp\/v2\/pages\/122","targetHints":{"allow":["GET"]}}],"collection":[{"href":"https:\/\/www.sis-ac.com\/wp-json\/wp\/v2\/pages"}],"about":[{"href":"https:\/\/www.sis-ac.com\/wp-json\/wp\/v2\/types\/page"}],"author":[{"embeddable":true,"href":"https:\/\/www.sis-ac.com\/wp-json\/wp\/v2\/users\/1"}],"replies":[{"embeddable":true,"href":"https:\/\/www.sis-ac.com\/wp-json\/wp\/v2\/comments?post=122"}],"version-history":[{"count":2,"href":"https:\/\/www.sis-ac.com\/wp-json\/wp\/v2\/pages\/122\/revisions"}],"predecessor-version":[{"id":70591,"href":"https:\/\/www.sis-ac.com\/wp-json\/wp\/v2\/pages\/122\/revisions\/70591"}],"up":[{"embeddable":true,"href":"https:\/\/www.sis-ac.com\/wp-json\/wp\/v2\/pages\/108"}],"wp:attachment":[{"href":"https:\/\/www.sis-ac.com\/wp-json\/wp\/v2\/media?parent=122"}],"curies":[{"name":"wp","href":"https:\/\/api.w.org\/{rel}","templated":true}]}}