{"id":119,"date":"2022-12-27T13:55:57","date_gmt":"2022-12-27T04:55:57","guid":{"rendered":"https:\/\/www.sis-ac.com\/?page_id=119"},"modified":"2023-12-19T10:57:17","modified_gmt":"2023-12-19T01:57:17","slug":"careerpath","status":"publish","type":"page","link":"https:\/\/www.sis-ac.com\/vi\/vietnam\/careerpath\/","title":{"rendered":"L\u1ed9 tr\u00ecnh sau khi t\u1ed1t nghi\u1ec7p"},"content":{"rendered":"\n<section id=\"careerguidance\">\n    <div class=\"inner\">\n        <h2 class=\"section_ttl\">H\u01b0\u1edbng nghi\u1ec7p<\/h2>\n        <p class=\"txt\">\n            Gi\u00e1o vi\u00ean s\u1ebd h\u01b0\u1edbng d\u1eabn \u0111\u1ecbnh k\u00ec  v\u00e0 t\u01b0 v\u1ea5n tr\u1ef1c ti\u1ebfp cho sinh vi\u00ean  v\u1ec1 c\u00e1c ch\u01b0\u01a1ng tr\u00ecnh h\u1ecdc l\u00ean cao cho h\u1ecdc vi\u00ean. Ngo\u00e0i ra, Tr\u01b0\u1eddng s\u1ebd c\u00f3 c\u00e1c bu\u1ed5i h\u01b0\u1edbng d\u1eabn \u0111\u1ec3 r\u00e8n luy\u1ec7n c\u00e1c k\u1ef9 n\u0103ng di\u1ec5n \u0111\u1ea1t b\u1eb1ng ti\u1ebfng Nh\u1eadt c\u1ea7n thi\u1ebft cho c\u00e1c k\u1ef3 thi v\u1ea5n \u0111\u00e1p v\u00e0 b\u00e0i lu\u1eadn. Tr\u01b0\u1eddng c\u0169ng t\u1ed5 ch\u1ee9c c\u00e1c bu\u1ed5i tham quan khu\u00f4n vi\u00ean m\u1edf, c\u00e1c bu\u1ed5i t\u01b0 v\u1ea5n t\u1eeb c\u00e1c nh\u00e2n vi\u00ean ph\u1ee5 tr\u00e1ch tuy\u1ec3n sinh c\u1ee7a c\u00e1c Tr\u01b0\u1eddng \u0111\u1ea1i h\u1ecdc v\u00e0 m\u1ed9t l\u1edbp tr\u1ea3i nghi\u1ec7m k\u1ef3 thi d\u00e0nh cho c\u00e1c sinh vi\u00ean t\u1ed1t nghi\u1ec7p.<br>\n            Ch\u00fang t\u00f4i c\u0169ng cung c\u1ea5p \u0111\u1ea7y \u0111\u1ee7 th\u00f4ng tin m\u1edbi nh\u1ea5t v\u1ec1 c\u00e1c tr\u01b0\u1eddng \u0111\u1ea1i h\u1ecdc v\u00e0 gi\u00fap sinh vi\u00ean \u0111\u01b0a ra l\u1ef1a ch\u1ecdn t\u1ed1t nh\u1ea5t.\n        <\/p>\n        <div class=\"imgs\">\n            <p class=\"img\"><img decoding=\"async\" src=\"https:\/\/www.sis-ac.com\/wp-content\/themes\/sis\/img\/careerpath\/cg_img1.jpg\" alt=\"\u9032\u8def\u6307\u5c0e\"><\/p>\n            <p class=\"img\"><img decoding=\"async\" src=\"https:\/\/www.sis-ac.com\/wp-content\/themes\/sis\/img\/careerpath\/cg_img2.jpg\" alt=\"\u9032\u8def\u6307\u5c0e\"><\/p>\n        <\/div>\n        <div class=\"postgraduate\">\n            <h3>K\u00ec thi tuy\u1ec3n sinh cao h\u1ecdc, nghi\u00ean c\u1ee9u sinh.<\/h3>\n            <p class=\"desc\">\n                Th\u00f4ng qua ph\u1ea7n h\u01b0\u1edbng d\u1eabn c\u00e1 nh\u00e2n, Tr\u01b0\u1eddng s\u1ebd h\u01b0\u1edbng d\u1eabn b\u1ea1n vi\u1ebft  k\u1ebf ho\u1ea1ch nghi\u00ean c\u1ee9u cho k\u1ef3 thi tuy\u1ec3n sinh sau \u0111\u1ea1i h\u1ecdc v\u00e0 nghi\u00ean c\u1ee9u sinh. Tr\u01b0\u1eddng s\u1ebd \u0111\u00e0o t\u1ea1o c\u00e1c k\u1ef9 n\u0103ng di\u1ec5n \u0111\u1ea1t ti\u1ebfng Nh\u1eadt c\u1ea7n thi\u1ebft cho b\u00e0i ki\u1ec3m tra ph\u1ecfng v\u1ea5n. Ngo\u00e0i ra Tr\u01b0\u1eddng c\u0169ng gi\u1edbi thi\u1ec7u cho c\u00e1c b\u1ea1n c\u00e1c tr\u01b0\u1eddng sau \u0111\u1ea1i h\u1ecdc.\n            <\/p>\n        <\/div>\n    <\/div>\n<\/section>\n\n<section id=\"academicachievement\">\n    <div class=\"inner\">\n        <h2 class=\"section_ttl\">K\u1ebft qu\u1ea3 th\u1ef1c thu<\/h2>\n        <p class=\"graph\">\n            <img decoding=\"async\" src=\"https:\/\/www.sis-ac.com\/wp-content\/themes\/sis\/img\/careerpath\/graph_en.png\" alt=\"\u9032\u5b66\u5b9f\u7e3e\">\n        <\/p>\n        <div class=\"list\">\n            <div class=\"group\">\n                <h3>Tr\u01b0\u1eddng Sau \u0111\u1ea1i h\u1ecdc <\/h3>\n                <div class=\"row\">\n                    <ul>\n                        <li>\u5175\u5eab\u770c\u7acb\u5927\u5b66\u5927\u5b66\u9662<\/li>\n                        <li>\u5927\u962a\u5e02\u7acb\u5927\u5b66\u5927\u5b66\u9662<\/li>\n                        <li>\u795e\u6238\u5916\u56fd\u8a9e\u5927\u5b66\u5927\u5b66\u9662<\/li>\n                        <li>\u5927\u962a\u5927\u5b66\u5927\u5b66\u9662<\/li>\n                    <\/ul>\n                    <ul>\n                        <li>\u4eac\u90fd\u9020\u5f62\u5927\u5b66\u5927\u5b66\u9662<\/li>\n                        <li>\u795e\u6238\u82b8\u8853\u5de5\u79d1\u5927\u5b66\u5927\u5b66\u9662<\/li>\n                        <li>\u795e\u6238\u5927\u5b66\u5927\u5b66\u9662<\/li>\n                    <\/ul>\n                <\/div>\n            <\/div>\n            <div class=\"group\">\n                <h3>Tr\u01b0\u1eddng \u0111\u1ea1i h\u1ecdc<\/h3>\n                <div class=\"row\">\n                    <ul>\n                        <li>\u5175\u5eab\u770c\u7acb\u5927\u5b66<\/li>\n                        <li>\u5927\u962a\u5e9c\u7acb\u5927\u5b66<\/li>\n                        <li>\u540c\u5fd7\u793e\u5927\u5b66<\/li>\n                        <li>\u59eb\u8def\u7368\u5354\u5927\u5b66<\/li>\n                        <li>\u5927\u962a\u89b3\u5149\u5927\u5b66<\/li>\n                        <li>\u4eac\u90fd\u7523\u696d\u5927\u5b66<\/li>\n                        <li>\u795e\u6238\u5916\u56fd\u8a9e\u5927\u5b66<\/li>\n                        <li>\u56fd\u58eb\u8218\u5927\u5b66<\/li>\n                        <li>\u8fd1\u757f\u5927\u5b66<\/li>\n                        <li>\u6843\u5c71\u5b66\u9662\u5927\u5b66<\/li>\n                        <li>\u5e1d\u585a\u5c71\u5927\u5b66<\/li>\n                        <li>\u795e\u6238\u5927\u5b66<\/li>\n                        <li>\u65e5\u672c\u5927\u5b66<\/li>\n                        <li>\u5927\u962a\u7523\u696d\u5927\u5b66<\/li>\n                        <li>\u6442\u5357\u5927\u5b66<\/li>\n                        <li>\u7fbd\u8863\u56fd\u969b\u5927\u5b66<\/li>\n                        <li>\u7acb\u547d\u9928\u5927\u5b66<\/li>\n                    <\/ul>\n                    <ul>\n                        <li>\u4eac\u90fd\u9020\u5f62\u5927\u5b66<\/li>\n                        <li>\u65e9\u7a32\u7530\u5927\u5b66<\/li>\n                        <li>\u795e\u6238\u5919\u5ddd\u5b66\u9662\u5927\u5b66<\/li>\n                        <li>\u89aa\u548c\u5973\u5b50\u5927\u5b66<\/li>\n                        <li>\u5712\u7530\u5b66\u5712\u5973\u5b50\u5927\u5b66<\/li>\n                        <li>\u5927\u962a\u5e02\u7acb\u5927\u5b66<\/li>\n                        <li>\u95a2\u897f\u5b66\u9662\u5927\u5b66<\/li>\n                        <li>\u6d41\u901a\u79d1\u5b66\u5927\u5b66<\/li>\n                        <li>\u962a\u5357\u5927\u5b66<\/li>\n                        <li>\u5927\u624b\u524d\u5927\u5b66<\/li>\n                        <li>\u65e5\u672c\u7d4c\u6e08\u5927\u5b66<\/li>\n                        <li>\u5927\u962a\u5927\u5b66<\/li>\n                        <li>\u685c\u7f8e\u6797\u5927\u5b66<\/li>\n                        <li>\u795e\u6238\u5b66\u9662\u5927\u5b66<\/li>\n                        <li>\u95a2\u897f\u56fd\u969b\u5927\u5b66<\/li>\n                        <li>\u6843\u5c71\u5b66\u9662\u5927\u5b66<\/li>\n                    <\/ul>\n                <\/div>\n            <\/div>\n            <div class=\"group\">\n                <h3>Tr\u01b0\u1eddng chuy\u00ean m\u00f4n<\/h3>\n                <div class=\"row\">\n                    <ul>\n                        <li>\u6771\u4e9c\u7d4c\u7406\u5c02\u9580\u5b66\u6821<\/li>\n                        <li>\u5927\u962a\u30b3\u30df\u30e5\u30cb\u30b1\u30fc\u30b7\u30e7\u30f3\u30a2\u30fc\u30c8\u5c02\u9580\u5b66\u6821<\/li>\n                        <li>ECC\u56fd\u969b\u5916\u8a9e\u5c02\u9580\u5b66\u6821<\/li>\n                        <li>\u5927\u962a\u60c5\u5831\u30b3\u30f3\u30d4\u30e5\u30fc\u30bf\u5c02\u9580\u5b66\u6821<\/li>\n                        <li>\u30af\u30e9\u30fc\u30af\u56fd\u969b\u5c02\u9580\u5b66\u6821<\/li>\n                        <li>\u5c02\u9580\u5b66\u6821\u30a8\u30fc\u30eb\u5b66\u5712<\/li>\n                        <li>\u99ff\u53f0\u89b3\u5149\u30a2\u30f3\u30c9\u5916\u8a9e\u5c02\u9580\u5b66\u6821<\/li>\n                        <li>\u611b\u7532\u5b66\u9662\u5c02\u9580\u5b66\u6821<\/li>\n                    <\/ul>\n                <\/div>\n            <\/div>\n        <\/div>\n    <\/div>\n<\/section>\n\n<section id=\"graduate_voice\">\n    <div class=\"inner\">\n        <h2 class=\"section_ttl\">C\u1ea3m ngh\u0129 c\u1ee7a c\u00e1c b\u1ea1n C\u1ef1u sinh vi\u00ean <\/h2>\n        <div class=\"slide_area\">\n            <div class=\"graduate_voice_slider\">\n                <div class=\"slide\">\n                    <div class=\"row\">\n                        <p class=\"img\"><img decoding=\"async\" src=\"https:\/\/www.sis-ac.com\/wp-content\/themes\/sis\/img\/careerpath\/voice_slide01.jpg\" alt=\"\u5289\u99b3\u3055\u3093\"><\/p>\n                        <p class=\"name\">\n                            \u5289\u99b3<br>\n                            <small>(Ch\u01b0\u01a1ng tr\u00ecnh ti\u1ebfn s\u0129 c\u1ee7a Tr\u01b0\u1eddng \u0110\u1ea1i h\u1ecdc Y khoa Osaka)<\/small>\n                        <\/p>\n                    <\/div>\n                    <p class=\"message\">\n                        M\u1ed9t n\u0103m r\u01b0\u1ee1i h\u1ecdc t\u1ea1i tr\u01b0\u1eddng Nh\u1eadt ng\u1eef \u0111\u00e3 \u0111\u1ec3 l\u1ea1i \u1ea5n t\u01b0\u1ee3ng s\u00e2u s\u1eafc trong t\u00f4i. T\u00f4i c\u1ea3m th\u1ea5y r\u1ea5t may m\u1eafn khi \u0111\u01b0\u1ee3c g\u1eb7p nh\u1eefng ng\u01b0\u1eddi b\u1ea1n \u1edf m\u1ed9t v\u00f9ng \u0111\u1ea5t xa l\u1ea1 v\u00e0 T\u00f4i c\u1ea3m th\u1ea5y th\u1eadt h\u1ea1nh ph\u00fac khi \u0111\u01b0\u1ee3c g\u1eb7p  nh\u1eefng Th\u1ea7y C\u00f4 \u0111\u00e3 lu\u00f4n d\u00f5i theo, v\u00e0 h\u01b0\u1edbng d\u1eabn  t\u00f4i r\u1ea5t nhi\u1ec7t t\u00ecnh. Trong th\u1eddi gian h\u1ecdc t\u1ea1i tr\u01b0\u1eddng Nh\u1eadt ng\u1eef, t\u00f4i \u0111\u00e3 h\u1ecdc \u0111\u01b0\u1ee3c r\u1ea5t nhi\u1ec1u \u0111i\u1ec1u ngo\u00e0i ki\u1ebfn \u200b\u200bth\u1ee9c v\u1ec1 ti\u1ebfng Nh\u1eadt. T\u00f4i r\u1ea5t bi\u1ebft \u01a1n c\u00e1c gi\u00e1o vi\u00ean c\u1ee7a t\u00f4i. T\u00f4i c\u0169ng  s\u1ebd c\u1ed1 g\u1eafng h\u1ebft s\u1ee9c \u0111\u1ec3 ho\u00e0n th\u00e0nh ch\u01b0\u01a1ng tr\u00ecnh h\u1ecdc sau \u0111\u1ea1i h\u1ecdc c\u1ee7a m\u00ecnh.\n                    <\/p>\n                <\/div>\n                <div class=\"slide\">\n                    <div class=\"row\">\n                        <p class=\"img\"><img decoding=\"async\" src=\"https:\/\/www.sis-ac.com\/wp-content\/themes\/sis\/img\/careerpath\/voice_slide02.jpg\" alt=\"\u30c1\u30e3\u30c3\u30af\u30e9\u30dc\u30c6\u30a3\u3000\u30b7\u30dd\u30f3\u3055\u3093\"><\/p>\n                        <p class=\"name\">\n                            Chakraborty Shipon<br>\n                            <small>(Tr\u01b0\u1eddng d\u1ea1y ngh\u1ec1 \u2192 L\u00e0m vi\u1ec7c t\u1ea1i c\u00f4ng ty Nh\u1eadt B\u1ea3n)<\/small>\n                        <\/p>\n                    <\/div>\n                    <p class=\"message\">\n                        \u0110\u1ed1i v\u1edbi t\u00f4i, Tr\u01b0\u1eddng Nh\u1eadt ng\u1eef Qu\u1ed1c t\u1ebf Kobe Sumiyoshi kh\u00f4ng ch\u1ec9 l\u00e0 m\u1ed9t ng\u00f4i Tr\u01b0\u1eddng m\u00e0 c\u00f2n l\u00e0 ng\u00f4i nh\u00e0 c\u1ee7a t\u00f4i \u1edf Nh\u1eadt B\u1ea3n. Th\u1ea7y C\u00f4 trong Tr\u01b0\u1eddng ch\u00ednh l\u00e0 gia \u0111\u00ecnh. C\u00e1c Th\u1ea7y C\u00f4 r\u1ea5t t\u1ed1t khi d\u1ea1y t\u00f4i ti\u1ebfng Nh\u1eadt v\u00e0 Th\u1ea7y C\u00f4 lu\u00f4n s\u1eb5n s\u00e0ng gi\u00fap \u0111\u1ee1 n\u1ebfu t\u00f4i g\u1eb7p b\u1ea5t k\u1ef3 v\u1ea5n \u0111\u1ec1 kh\u00f3 kh\u0103n g\u00ec. V\u00ec th\u1ebf khi \u0111\u1ebfn Tr\u01b0\u1eddng, t\u00f4i lu\u00f4n c\u00f3 c\u1ea3m gi\u00e1c nh\u01b0 \u0111ang v\u1ec1 nh\u00e0. Th\u1eddi gian h\u1ecdc t\u1ea1i Tr\u01b0\u1eddng ti\u1ebfng Nh\u1eadt tr\u00f4i qua r\u1ea5t nhanh, t\u00f4i \u0111\u00e3 \u0111\u1eadu k\u00ec thi n\u0103ng l\u1ef1c Ti\u1ebfng Nh\u1eadt N2 v\u00e0 v\u00e0o h\u1ecdc Tr\u01b0\u1eddng d\u1ea1y ngh\u1ec1 Robot AI. Hi\u1ec7n t\u1ea1i t\u00f4i \u0111\u00e3 \u0111\u1eadu N1 v\u00e0 \u0111ang l\u00e0m k\u1ef9 s\u01b0 cho m\u1ed9t c\u00f4ng ty Nh\u1eadt B\u1ea3n. N\u1ebfu kh\u00f4ng c\u00f3 s\u1ef1 gi\u00fap \u0111\u1ee1 c\u1ee7a c\u00e1c Th\u1ea7y C\u00f4, th\u00ec t\u00f4i kh\u00f4ng th\u1ec3 \u0111\u1ea1t \u0111\u01b0\u1ee3c m\u1ee5c ti\u00eau c\u1ee7a m\u00ecnh. \u0110\u1ed1i v\u1edbi t\u00f4i \u0111i\u1ec1u quan tr\u1ecdng l\u00e0 kh\u00f4ng bao gi\u1edd b\u1ecf cu\u1ed9c d\u00f9 c\u00f3 b\u1ea5t c\u1ee9 chuy\u1ec7n g\u00ec x\u1ea3y ra. Nh\u1eefng k\u1ef7 ni\u1ec7m t\u00f4i \u0111\u00e3 c\u00f3 c\u00f9ng v\u1edbi c\u00e1c  Th\u1ea7y C\u00f4 v\u00e0 c\u00e1c b\u1ea1n c\u00f9ng l\u1edbp ch\u00ednh l\u00e0 kho b\u00e1u c\u1ee7a t\u00f4i. T\u00f4i th\u1ef1c s\u1ef1 bi\u1ebft \u01a1n r\u1ea5t nhi\u1ec1u.\n                    <\/p>\n                <\/div>\n            <\/div>\n        <\/div>\n    <\/div>\n<\/section>\n","protected":false},"excerpt":{"rendered":"<p>H\u01b0\u1edbng nghi\u1ec7p Gi\u00e1o vi\u00ean s\u1ebd h\u01b0\u1edbng d\u1eabn \u0111\u1ecbnh k\u00ec v\u00e0 t\u01b0 v\u1ea5n tr\u1ef1c ti\u1ebfp cho sinh vi\u00ean v\u1ec1 c\u00e1c ch\u01b0\u01a1ng tr\u00ecnh h\u1ecdc l\u00ean cao cho h\u1ecdc vi\u00ean. Ngo\u00e0i ra, Tr\u01b0\u1eddng s\u1ebd c\u00f3 c\u00e1c bu\u1ed5i h\u01b0\u1edbng d\u1eabn \u0111\u1ec3 r\u00e8n luy\u1ec7n c\u00e1c k\u1ef9 n\u0103ng di\u1ec5n \u0111\u1ea1t b\u1eb1ng ti\u1ebfng Nh\u1eadt c\u1ea7n thi\u1ebft cho c\u00e1c k\u1ef3 thi v\u1ea5n \u0111\u00e1p [&hellip;]<\/p>\n","protected":false},"author":1,"featured_media":0,"parent":108,"menu_order":0,"comment_status":"closed","ping_status":"closed","template":"","meta":{"_locale":"vi","_original_post":"https:\/\/www.sis-ac.com\/?page_id=14","footnotes":""},"class_list":["post-119","page","type-page","status-publish","hentry","vi"],"_links":{"self":[{"href":"https:\/\/www.sis-ac.com\/wp-json\/wp\/v2\/pages\/119","targetHints":{"allow":["GET"]}}],"collection":[{"href":"https:\/\/www.sis-ac.com\/wp-json\/wp\/v2\/pages"}],"about":[{"href":"https:\/\/www.sis-ac.com\/wp-json\/wp\/v2\/types\/page"}],"author":[{"embeddable":true,"href":"https:\/\/www.sis-ac.com\/wp-json\/wp\/v2\/users\/1"}],"replies":[{"embeddable":true,"href":"https:\/\/www.sis-ac.com\/wp-json\/wp\/v2\/comments?post=119"}],"version-history":[{"count":6,"href":"https:\/\/www.sis-ac.com\/wp-json\/wp\/v2\/pages\/119\/revisions"}],"predecessor-version":[{"id":70756,"href":"https:\/\/www.sis-ac.com\/wp-json\/wp\/v2\/pages\/119\/revisions\/70756"}],"up":[{"embeddable":true,"href":"https:\/\/www.sis-ac.com\/wp-json\/wp\/v2\/pages\/108"}],"wp:attachment":[{"href":"https:\/\/www.sis-ac.com\/wp-json\/wp\/v2\/media?parent=119"}],"curies":[{"name":"wp","href":"https:\/\/api.w.org\/{rel}","templated":true}]}}