{"id":117,"date":"2022-12-27T13:51:02","date_gmt":"2022-12-27T04:51:02","guid":{"rendered":"https:\/\/www.sis-ac.com\/?page_id=117"},"modified":"2022-12-27T13:51:02","modified_gmt":"2022-12-27T04:51:02","slug":"private_lesson","status":"publish","type":"page","link":"https:\/\/www.sis-ac.com\/vi\/vietnam\/course\/private_lesson\/","title":{"rendered":"B\u00e0i h\u1ecdc ri\u00eang"},"content":{"rendered":"\n<section id=\"detail\">\n                <div class=\"inner\">\n                    <div class=\"about\">\n                        <h2 class=\"section_ttl\">B\u00e0i h\u1ecdc ri\u00eang<\/h2>\n                        <p class=\"desc\">\n                            D\u00e0nh cho nh\u1eefng b\u1ea1n mu\u1ed1n t\u1ef1 quy\u1ebft \u0111\u1ecbnh th\u1eddi gian h\u1ecdc: C\u00e1 nh\u00e2n c\u00f3 th\u1ec3 h\u1ecdc b\u00e0i trong 30 ph\u00fat. N\u1ed9i dung b\u00e0i h\u1ecdc c\u00f3 th\u1ec3 t\u1ef1 do \u0111\u1eb7t ra th\u00f4ng qua vi\u1ec7c trao \u0111\u1ed5i v\u1edbi gi\u00e1o vi\u00ean ph\u1ee5 tr\u00e1ch. Trong c\u00e1c b\u00e0i h\u1ecdc ri\u00eang, c\u00e1c b\u00e0i h\u1ecdc \u0111\u01b0\u1ee3c \u0111i\u1ec1u ch\u1ec9nh ph\u00f9 h\u1ee3p v\u1edbi h\u1ecdc sinh, v\u00ec v\u1eady b\u1ea1n c\u00f3 th\u1ec3 h\u1ecdc t\u1ef1 do.*C\u00e1c b\u00e0i h\u1ecdc ri\u00eang kh\u00f4ng ph\u1ea3i l\u00e0 m\u1ed9t kh\u00f3a h\u1ecdc v\u1edbi m\u1ee5c \u0111\u00edch \u0111\u1ec3 xin th\u1ecb th\u1ef1c l\u01b0u tr\u00fa d\u00e0nh cho du h\u1ecdc sinh.\n                        <\/p>\n                    <\/div>\n                    <div class=\"for\">\n                        <h3>v\u1edbi nh\u1eefng b\u1ea1n nh\u01b0 th\u1ebf th\u00ec<\/h3>\n                        <div class=\"list\">\n                            <ul>\n                                <li>\u30fbMu\u1ed1n h\u1ecdc chuy\u00ean s\u00e2u<\/li>\n                                <li>\u30fbMu\u1ed1n h\u1ecdc giao ti\u1ebfp h\u00e0ng ng\u00e0y.<\/li>\n                                <li>\u30fb\u0110ang l\u00e0m vi\u1ec7c t\u1ea1i m\u1ed9t c\u00f4ng ty Nh\u1eadt B\u1ea3n v\u00e0 mu\u1ed1n h\u1ecdc v\u1ec1 c\u00e1ch \u0111\u00e0m tho\u1ea1i trong kinh doanh.<\/li>\n                                <li>\u30fbMu\u1ed1n tham gia k\u1ef3 thi n\u0103ng l\u1ef1c ti\u1ebfng Nh\u1eadt \u0111\u1ec3 n\u00e2ng cao k\u1ef9 n\u0103ng c\u1ee7a m\u00ecnh.<\/li>\n                                <li>\u30fbMu\u1ed1n c\u1ea3i thi\u1ec7n k\u1ef9 n\u0103ng giao ti\u1ebfp c\u1ee7a m\u00ecnh.<\/li>\n                                <li>\u30fbMu\u1ed1n \u0111\u1ecdc b\u00e1o ti\u1ebfng Nh\u1eadt v\u00e0 vi\u1ebft b\u00e0i b\u1eb1ng ti\u1ebfng Nh\u1eadt.<\/li>\n                                <li>\u30fbNh\u1eefng ng\u01b0\u1eddi c\u00f3 \u00edt th\u1eddi gian r\u1ea3nh do c\u00f4ng vi\u1ec7c.<\/li>\n                            <\/ul>\n                        <\/div>\n                    <\/div>\n                    <div class=\"info\">\n                        <h3>H\u01b0\u1edbng d\u1eabn th\u1ee7 t\u1ee5c<\/h3>\n                        <div class=\"txt\">\n                            <p>Vui l\u00f2ng li\u00ean h\u1ec7 tr\u1ef1c ti\u1ebfp v\u1edbi tr\u01b0\u1eddng.<\/p>\n                        <\/div>\n                    <\/div>\n                    <div class=\"price\">\n                        <h3>h\u1ecdc ph\u00ed<\/h3>\n                        <div class=\"txt\">\n                            <p>\n                                Ph\u00ed nh\u1eadp h\u1ecdc: 10.000 y\u00ean<br>\n                                H\u1ecdc ph\u00ed: 33.500 y\u00ean<br>\n                                1 ti\u1ebft (30 ph\u00fat) 22 v\u00e9<br>\n                                Ph\u00ed t\u00e0i li\u1ec7u gi\u1ea3ng d\u1ea1y: thanh to\u00e1n ri\u00eang\n                            <\/p>\n                        <\/div>\n                    <\/div>\n                <\/div>\n            <\/section>\n","protected":false},"excerpt":{"rendered":"<p>B\u00e0i h\u1ecdc ri\u00eang D\u00e0nh cho nh\u1eefng b\u1ea1n mu\u1ed1n t\u1ef1 quy\u1ebft \u0111\u1ecbnh th\u1eddi gian h\u1ecdc: C\u00e1 nh\u00e2n c\u00f3 th\u1ec3 h\u1ecdc b\u00e0i trong 30 ph\u00fat. N\u1ed9i dung b\u00e0i h\u1ecdc c\u00f3 th\u1ec3 t\u1ef1 do \u0111\u1eb7t ra th\u00f4ng qua vi\u1ec7c trao \u0111\u1ed5i v\u1edbi gi\u00e1o vi\u00ean ph\u1ee5 tr\u00e1ch. Trong c\u00e1c b\u00e0i h\u1ecdc ri\u00eang, c\u00e1c b\u00e0i h\u1ecdc \u0111\u01b0\u1ee3c \u0111i\u1ec1u ch\u1ec9nh ph\u00f9 [&hellip;]<\/p>\n","protected":false},"author":1,"featured_media":0,"parent":113,"menu_order":0,"comment_status":"closed","ping_status":"closed","template":"","meta":{"_locale":"vi","_original_post":"https:\/\/www.sis-ac.com\/?page_id=22","footnotes":""},"class_list":["post-117","page","type-page","status-publish","hentry","vi"],"_links":{"self":[{"href":"https:\/\/www.sis-ac.com\/wp-json\/wp\/v2\/pages\/117","targetHints":{"allow":["GET"]}}],"collection":[{"href":"https:\/\/www.sis-ac.com\/wp-json\/wp\/v2\/pages"}],"about":[{"href":"https:\/\/www.sis-ac.com\/wp-json\/wp\/v2\/types\/page"}],"author":[{"embeddable":true,"href":"https:\/\/www.sis-ac.com\/wp-json\/wp\/v2\/users\/1"}],"replies":[{"embeddable":true,"href":"https:\/\/www.sis-ac.com\/wp-json\/wp\/v2\/comments?post=117"}],"version-history":[{"count":1,"href":"https:\/\/www.sis-ac.com\/wp-json\/wp\/v2\/pages\/117\/revisions"}],"predecessor-version":[{"id":118,"href":"https:\/\/www.sis-ac.com\/wp-json\/wp\/v2\/pages\/117\/revisions\/118"}],"up":[{"embeddable":true,"href":"https:\/\/www.sis-ac.com\/wp-json\/wp\/v2\/pages\/113"}],"wp:attachment":[{"href":"https:\/\/www.sis-ac.com\/wp-json\/wp\/v2\/media?parent=117"}],"curies":[{"name":"wp","href":"https:\/\/api.w.org\/{rel}","templated":true}]}}