{"id":113,"date":"2022-12-26T19:20:30","date_gmt":"2022-12-26T10:20:30","guid":{"rendered":"https:\/\/www.sis-ac.com\/?page_id=113"},"modified":"2023-12-19T10:46:05","modified_gmt":"2023-12-19T01:46:05","slug":"course","status":"publish","type":"page","link":"https:\/\/www.sis-ac.com\/vi\/vietnam\/course\/","title":{"rendered":"Kh\u00f3a h\u1ecdc"},"content":{"rendered":"\n<section id=\"preparatory\">\n    <div class=\"inner\">\n        <h2 class=\"section_ttl\">Kh\u00f3a h\u1ecdc l\u00ean cao.<\/h2>\n        <p class=\"txt\">\n            Kh\u00f3a h\u1ecdc n\u00e0y m\u1ee5c \u0111\u00edch l\u00e0 \u0111\u1ec3 h\u1ecdc l\u00ean cao h\u01a1n nh\u01b0 h\u1ecdc Th\u1ea1c s\u0129, h\u1ecdc \u0111\u1ea1i h\u1ecdc, h\u1ecdc tr\u01b0\u1eddng ngh\u1ec1 t\u1ea1i Nh\u1eadt B\u1ea3n.<br>\n            C\u00f3 th\u1ec3 l\u1ea5y \u0111\u01b0\u1ee3c t\u01b0 c\u00e1ch l\u01b0u tr\u00fa du h\u1ecdc sinh.\n        <\/p>\n        <p class=\"bnr\">\n            <a href=\"\/vi\/vietnam\/course\/private_lesson\/\"><img decoding=\"async\" src=\"https:\/\/www.sis-ac.com\/wp-content\/themes\/sis\/img\/course\/bnr_en.png\" alt=\"\u30d7\u30e9\u30a4\u30d9\u30fc\u30c8\u30ec\u30c3\u30b9\u30f3\"><\/a>\n        <\/p>\n        <div class=\"course_list\">\n            <div class=\"block\">\n                <p class=\"ttl\">s\u01a1 c\u1ea5p<\/p>\n                <dl>\n                    <dt>M\u1ee5c ti\u00eau<\/dt>\n                    <dd class=\"purpose\">\n                        <p>H\u1ecdc m\u1eabu ng\u1eef ph\u00e1p c\u01a1 b\u1ea3n\/ Thi k\u1ef3 thi n\u0103ng l\u1ef1c Ti\u1ebfng Nh\u1eadt N3.<\/p>\n                    <\/dd>\n                    <dt>N\u1ed9i dung b\u00e0i h\u1ecdc.<\/dt>\n                    <dd>\n                        <p>\n                            1.H\u1ecdc 4 k\u0129 n\u0103ng \u0110\u1ecdc, Vi\u1ebft, Nghe, N\u00f3i<br>\n                            2.H\u1ecdc Katakana, Hiragana, H\u00e1n T\u1ef1 <br>\n                            3.Kho\u1ea3ng 100 m\u1eabu c\u00e2u.\n                        <\/p>\n                    <\/dd>\n                <\/dl>\n            <\/div>\n            <div class=\"block\">\n                <p class=\"ttl\">Trung c\u1ea5p<\/p>\n                <dl>\n                    <dt>M\u1ee5c ti\u00eau<\/dt>\n                    <dd class=\"purpose\">\n                        <p>N\u00e2ng cao n\u0103ng l\u1ef1c nghe hi\u1ec3u \/ Thi k\u1ef3 thi n\u0103ng l\u1ef1c Ti\u1ebfng Nh\u1eadt N3.<\/p>\n                    <\/dd>\n                    <dt>N\u1ed9i dung b\u00e0i h\u1ecdc.<\/dt>\n                    <dd>\n                        <p>\n                            1.H\u1ecdc \u0111\u1ecdc hi\u1ec3u<br>\n                            2.H\u1ecdc m\u1eabu c\u00e2u ph\u1ee9c t\u1ea1p<br>\n                            3.Luy\u1ec7n vi\u1ebft v\u0103n.<br>\n                            4.H\u1ed9i tho\u1ea1i t\u1ef1 do\n                        <\/p>\n                    <\/dd>\n                <\/dl>\n            <\/div>\n            <div class=\"block\">\n                <p class=\"ttl\">Trung c\u1ea5p<\/p>\n                <dl>\n                    <dt>M\u1ee5c ti\u00eau<\/dt>\n                    <dd class=\"purpose\">\n                        <p>\n                            H\u1ecdc c\u00e1c m\u00f4n h\u1ecdc c\u1ea7n thi\u1ebft nh\u01b0 t\u1eeb v\u1ef1ng, ng\u1eef ph\u00e1p \u0111\u1ec3 d\u1ef1 thi v\u00e0o k\u00ec thi tuy\u1ec3n \u0111\u1ea1i h\u1ecdc  \/ Thi k\u1ef3 thi n\u0103ng l\u1ef1c Ti\u1ebfng Nh\u1eadt N2.\n                        <\/p>\n                    <\/dd>\n                    <dt>N\u1ed9i dung b\u00e0i h\u1ecdc<\/dt>\n                    <dd>\n                        <p>\n                            1.H\u1ecdc \u0111\u1ecdc hi\u1ec3u n\u00e2ng cao  <br>\n                            2.H\u1ecdc th\u00e0nh ng\u1eef, qu\u00e1n d\u1ee5ng ng\u1eef <br>\n                            3.Vi\u1ebft v\u0103n t\u1ef1 do, vi\u1ebft ti\u1ec3u lu\u1eadn. <br>\n                            4.H\u1ecdc thi k\u00ec thi d\u00e0nh cho du h\u1ecdc sinh\n                        <\/p>\n                    <\/dd>\n                <\/dl>\n            <\/div>\n            <div class=\"block\">\n                <p class=\"ttl\">Th\u01b0\u1ee3ng c\u1ea5p<\/p>\n                <dl>\n                    <dt>M\u1ee5c ti\u00eau<\/dt>\n                    <dd class=\"purpose\">\n                        <p>\n                            H\u1ecdc ti\u1ebfng Nh\u1eadt c\u1ea5p \u0111\u1ed9 cao thi\u00ean v\u1ec1 x\u00e3 h\u1ed9i h\u1ecdc v\u00e0 h\u1ecdc c\u00e1c m\u00f4n \u0111\u1ec3 d\u1ef1 thi v\u00e0o k\u00ec thi tuy\u1ec3n \u0111\u1ea1i h\u1ecdc  \/ Thi k\u1ef3 thi n\u0103ng l\u1ef1c Ti\u1ebfng Nh\u1eadt N1.\n                        <\/p>\n                    <\/dd>\n                    <dt>N\u1ed9i dung b\u00e0i h\u1ecdc.<\/dt>\n                    <dd>\n                        <p>\n                            1.H\u1ecdc \u0111\u1ecdc hi\u1ec3u (\u0111\u1ecdc nhanh) <br>\n                            2.N\u00e2ng cao n\u0103ng l\u1ef1c nghe trong b\u00e0i gi\u1ea3ng <br>\n                            3.\u0110\u1ecdc b\u00e1o, t\u1ea1p ch\u00ed.<br>\n                            4. Vi\u1ebft ti\u1ec3u lu\u1eadn<br>\n                            5.H\u1ecdc thi k\u00ec thi d\u00e0nh cho du h\u1ecdc sinh\n                        <\/p>\n                    <\/dd>\n                <\/dl>\n            <\/div>\n        <\/div>\n    <\/div>\n<\/section>\n\n<section id=\"admission\">\n    <div class=\"inner\">\n        <h2 class=\"section_ttl\">Th\u00f4ng tin nh\u1eadp h\u1ecdc<\/h2>\n        <div class=\"group term\">\n            <h3>Th\u1eddi gian nh\u1eadp h\u1ecdc \/Th\u1eddi gian tuy\u1ec3n sinh<\/h3>\n            <div class=\"list\">\n                <table>\n                    <tbody><tr>\n                        <th class=\"ttl\" colspan=\"2\">H\u1ecdc sinh k\u00ec th\u00e1ng 4<\/th>\n                    <\/tr>\n                    <tr>\n                        <th>Th\u1eddi gian h\u1ecdc l\u00e0<\/th>\n                        <td>2 n\u0103m<\/td>\n                    <\/tr>\n                    <tr>\n                        <th>Th\u1eddi gian tuy\u1ec3n sinh kho\u1ea3ng t\u1eeb ng\u00e0y<\/th>\n                        <td>1 th\u00e1ng 9 \u0111\u1ebfn ng\u00e0y 30 th\u00e1ng 10<\/td>\n                    <\/tr>\n                <\/tbody><\/table>\n                <table>\n                    <tbody><tr>\n                        <th class=\"ttl\" colspan=\"2\">H\u1ecdc sinh k\u00ec th\u00e1ng 7<\/th>\n                    <\/tr>\n                    <tr>\n                        <th>Th\u1eddi gian h\u1ecdc l\u00e0<\/th>\n                        <td>1 n\u0103m 9 th\u00e1ng.<\/td>\n                    <\/tr>\n                    <tr>\n                        <th>Th\u1eddi gian tuy\u1ec3n sinh kho\u1ea3ng t\u1eeb ng\u00e0y<\/th>\n                        <td>1 th\u00e1ng 12 \u0111\u1ebfn ng\u00e0y 31 th\u00e1ng 1<\/td>\n                    <\/tr>\n                <\/tbody><\/table>\n                <table>\n                    <tbody><tr>\n                        <th class=\"ttl\" colspan=\"2\">H\u1ecdc sinh k\u00ec th\u00e1ng 10.<\/th>\n                    <\/tr>\n                    <tr>\n                        <th>Th\u1eddi gian h\u1ecdc l\u00e0<\/th>\n                        <td>1 n\u0103m 6 th\u00e1ng<\/td>\n                    <\/tr>\n                    <tr>\n                        <th> Th\u1eddi gian tuy\u1ec3n sinh kho\u1ea3ng t\u1eeb ng\u00e0y<\/th>\n                        <td>1 th\u00e1ng 3 \u0111\u1ebfn ng\u00e0y 31 th\u00e1ng 4<\/td>\n                    <\/tr>\n                <\/tbody><\/table>\n                <table>\n                    <tbody><tr>\n                        <th class=\"ttl\" colspan=\"2\">H\u1ecdc sinh k\u00ec th\u00e1ng 1<\/th>\n                    <\/tr>\n                    <tr>\n                        <th>Th\u1eddi gian h\u1ecdc l\u00e0<\/th>\n                        <td>1 n\u0103m 3 th\u00e1ng.<\/td>\n                    <\/tr>\n                    <tr>\n                        <th> Th\u1eddi gian tuy\u1ec3n sinh kho\u1ea3ng t\u1eeb ng\u00e0y<\/th>\n                        <td>1 th\u00e1ng 6 \u0111\u1ebfn ng\u00e0y 31 th\u00e1ng 8.<\/td>\n                    <\/tr>\n                <\/tbody><\/table>\n            <\/div>\n        <\/div>\n        <div class=\"group schedule\">\n            <h3>Th\u1eddi gian<\/h3>\n            <div class=\"list\">\n                <table>\n                    <tbody><tr>\n                        <th>L\u1edbp bu\u1ed5i s\u00e1ng (c\u00e1c ng\u00e0y trong tu\u1ea7n)<\/th>\n                        <td>8:50\u301c12:00<\/td>\n                    <\/tr>\n                    <tr>\n                        <th>L\u1edbp bu\u1ed5i chi\u1ec1u (c\u00e1c ng\u00e0y trong tu\u1ea7n)<\/th>\n                        <td>13:10\u301c16:15<\/td>\n                    <\/tr>\n                <\/tbody><\/table>\n            <\/div>\n        <\/div>\n        <div class=\"group price\">\n            <h3>h\u1ecdc ph\u00ed<\/h3>\n            <div class=\"list\">\n                <table>\n                    <tbody><tr>\n                        <th class=\"ttl\" colspan=\"2\">N\u0103m th\u1ee9 nh\u1ea5t (chung cho t\u1ea5t c\u1ea3 sinh vi\u00ean)<\/th>\n                    <\/tr>\n                    <tr>\n                        <th>Ph\u00ed tuy\u1ec3n sinh<\/th>\n                        <td>20.000 y\u00ean<\/td>\n                    <\/tr>\n                    <tr>\n                        <th>Ph\u00ed nh\u1eadp h\u1ecdc<\/th>\n                        <td>50.000 y\u00ean<\/td>\n                    <\/tr>\n                    <tr>\n                        <th>H\u1ecdc ph\u00ed<\/th>\n                        <td>660,000 y\u00ean<\/td>\n                    <\/tr>\n                    <tr>\n                        <th>Chi ph\u00ed kh\u00e1c<\/th>\n                        <td>20.000 y\u00ean<\/td>\n                    <\/tr>\n                    <tr>\n                        <th>T\u1ed5ng c\u1ed9ng<\/th>\n                        <td>750.000 y\u00ean<\/td>\n                    <\/tr>\n                <\/tbody><\/table>\n                <table>\n                    <tbody><tr>\n                        <th class=\"ttl\" colspan=\"5\">n\u0103m th\u1ee9 2<\/th>\n                    <\/tr>\n                    <tr>\n                        <th><\/th>\n                        <th>H\u1ecdc sinh th\u00e1ng 1<\/th>\n                        <th>H\u1ecdc sinh th\u00e1ng 10<\/th>\n                        <th>H\u1ecdc sinh th\u00e1ng 7<\/th>\n                        <th>H\u1ecdc sinh th\u00e1ng 4<\/th>\n                    <\/tr>\n                    <tr>\n                        <th>H\u1ecdc ph\u00ed<\/th>\n                        <td>\u00a5165,000<\/td>\n                        <td>\u00a5330,000<\/td>\n                        <td>\u00a5495,000<\/td>\n                        <td>\u00a5660,000<\/td>\n                    <\/tr>\n                    <tr>\n                        <th>Chi ph\u00ed kh\u00e1c<\/th>\n                        <td>\u00a55,000<\/td>\n                        <td>\u00a510,000<\/td>\n                        <td>\u00a515,000<\/td>\n                        <td>\u00a520,000<\/td>\n                    <\/tr>\n                    <tr>\n                        <th>T\u1ed5ng c\u1ed9ng<\/th>\n                        <td>\u00a5170,000<\/td>\n                        <td>\u00a5340,000<\/td>\n                        <td>\u00a5510,000<\/td>\n                        <td>\u00a5680,000<\/td>\n                    <\/tr>\n                <\/tbody><\/table>\n                <table>\n                    <tbody><tr>\n                        <th class=\"ttl\" colspan=\"2\">T\u1ed5ng c\u1ed9ng <\/th>\n                    <\/tr>\n                    <tr>\n                        <th>k\u00ec h\u1ecdc  th\u00e1ng 1<\/th>\n                        <td>\u00a5920,000<\/td>\n                    <\/tr>\n                    <tr>\n                        <th>k\u00ec h\u1ecdc  th\u00e1ng 10<\/th>\n                        <td>\u00a51,090,000<\/td>\n                    <\/tr>\n                    <tr>\n                        <th>k\u00ec h\u1ecdc  th\u00e1ng 7<\/th>\n                        <td>\u00a51,260,000<\/td>\n                    <\/tr>\n                    <tr>\n                        <th>k\u00ec h\u1ecdc  th\u00e1ng 4<\/th>\n                        <td>\u00a51,430,000<\/td>\n                    <\/tr>\n                <\/tbody><\/table>\n            <\/div>\n            <div class=\"notice\">\n                <p>\n                    *T\u1ea5t c\u1ea3 gi\u00e1 hi\u1ec3n th\u1ecb \u0111\u00e3 bao g\u1ed3m thu\u1ebf.<br class=\"sp\">*Ph\u00ed tuy\u1ec3n sinh s\u1ebd kh\u00f4ng \u0111\u01b0\u1ee3c ho\u00e0n l\u1ea1i b\u1ea5t k\u1ec3 k\u1ebft qu\u1ea3 nh\u01b0 th\u1ebf n\u00e0o.<br class=\"sp\">* Vui l\u00f2ng thanh to\u00e1n h\u1ecdc ph\u00ed \u0111\u1ea7y \u0111\u1ee7 tr\u01b0\u1edbc ng\u00e0y \u0111\u01b0\u1ee3c ch\u1ec9 \u0111\u1ecbnh.<br>\n                    *Theo quy \u0111\u1ecbnh chung, h\u1ecdc ph\u00ed sau khi \u0111\u00e3 \u0111\u00f3ng s\u1ebd kh\u00f4ng \u0111\u01b0\u1ee3c ho\u00e0n l\u1ea1i.<br class=\"sp\">(Tuy nhi\u00ean, n\u1ebfu th\u1ecb th\u1ef1c kh\u00f4ng \u0111\u01b0\u1ee3c c\u1ea5p t\u1ea1i \u0111\u1ea1i s\u1ee9 qu\u00e1n ho\u1eb7c l\u00e3nh s\u1ef1 qu\u00e1n, th\u00ec t\u1ea5t c\u1ea3 c\u00e1c kho\u1ea3n ph\u00ed kh\u00e1c ngo\u00e0i ph\u00ed nh\u1eadp h\u1ecdc s\u1ebd \u0111\u01b0\u1ee3c ho\u00e0n tr\u1ea3.)\n                <\/p>\n            <\/div>\n        <\/div>\n        <div class=\"download\" id=\"document_download\">\n            <div class=\"download_inner\">\n                <h3>T\u1ea3i m\u1eabu \u0111\u01a1n nh\u1eadp h\u1ecdc<\/h3>\n                <div class=\"row\">\n                    <p class=\"txt\">T\u1ea3i t\u00e0i li\u1ec7u (PDF)<\/p>\n                    <p class=\"btn\"><a href=\"https:\/\/www.sis-ac.com\/wp-content\/themes\/sis\/img\/pdf\/app_form.pdf\">DOWNLOAD<\/a><\/p>\n                <\/div>\n                <div class=\"row\">\n                    <p class=\"txt\">T\u1ea3i t\u00e0i li\u1ec7u (EXCEL)<\/p>\n                    <p class=\"btn\"><a href=\"https:\/\/www.sis-ac.com\/wp-content\/themes\/sis\/img\/pdf\/appform-2014.xls\">DOWNLOAD<\/a><\/p>\n                <\/div>\n                <div class=\"row\">\n                    <p class=\"txt\">Danh s\u00e1ch c\u00e1c y\u00eau c\u1ea7u \u1ee9ng d\u1ee5ng v\u00e0 c\u00e1c t\u00e0i li\u1ec7u c\u1ea7n thi\u1ebft T\u1ea2I XU\u1ed0NG<\/p>\n                    <p class=\"btn\"><a href=\"https:\/\/www.sis-ac.com\/wp-content\/themes\/sis\/img\/pdf\/boshu_jp.pdf\">DOWNLOAD<\/a><\/p>\n                <\/div>\n            <\/div>\n        <\/div>\n        <div class=\"self\">\n            <h3><span>d\u00e0nh cho ng\u01b0\u1eddi \u0111\u00e3 c\u00f3 gi\u1ea5y ph\u00e9p c\u01b0 tr\u00fa ri\u00eang<\/span><\/h3>\n            <div class=\"desc\">\n                <p>\n                    Ngay c\u1ea3 khi b\u1ea1n \u0111\u00e3 c\u00f3 gi\u1ea5y ph\u00e9p c\u01b0 tr\u00fa r\u1ed3i th\u00ec b\u1ea1n v\u1eabn c\u00f3 th\u1ec3 tham gia l\u1edbp h\u1ecdc  c\u1ee7a Tr\u01b0\u1eddng.Sau \u0111\u00f3 h\u1ecdc ti\u1ebfp l\u00ean cao <br>\n                    \u30fbS\u0129 s\u1ed1 l\u1edbp h\u1ecdc t\u1ed1i \u0111a: 20 ng\u01b0\u1eddi<br>\n                    \u30fbC\u00f3 th\u1ec3 h\u1ecdc th\u1eed mi\u1ec5n ph\u00ed. Vui l\u00f2ng li\u00ean h\u1ec7 v\u1edbi ch\u00fang t\u00f4i n\u1ebfu b\u1ea1n quan t\u00e2m.\n                <\/p>\n            <\/div>\n            <div class=\"wrap\">\n                <table>\n                    <tbody><tr>\n                        <th><\/th>\n                        <th>L\u1edbp s\u01a1 c\u1ea5p <\/th>\n                        <th>L\u1edbp trung c\u1ea5p<br>L\u1edbp trung &#8211; th\u01b0\u1ee3ng c\u1ea5p  <\/th>\n                        <th>L\u1edbp th\u01b0\u1ee3ng c\u1ea5p<\/th>\n                    <\/tr>\n                    <tr>\n                        <th>Ph\u00ed nh\u1eadp h\u1ecdc<\/th>\n                        <td>\u00a510,000<\/td>\n                        <td>\u00a510,000<\/td>\n                        <td>\u00a510,000<\/td>\n                    <\/tr>\n                    <tr>\n                        <th>H\u1ecdc ph\u00ed<\/th>\n                        <td>\u00a531,000\/\u6708<\/td>\n                        <td>\u00a539,500\/\u6708<\/td>\n                        <td>\u00a540,300\/\u6708<\/td>\n                    <\/tr>\n                    <tr>\n                        <th>Ph\u00ed ph\u00f4 t\u00f4<\/th>\n                        <td>\u00a51,500\/\u6708<\/td>\n                        <td>\u00a51,800\/\u6708<\/td>\n                        <td>\u00a52,300\/\u6708<\/td>\n                    <\/tr>\n                <\/tbody><\/table>\n                <p class=\"notice\">* Ph\u00ed s\u00e1ch gi\u00e1o khoa s\u1ebd \u0111\u01b0\u1ee3c t\u00ednh ri\u00eang.<\/p>\n            <\/div>\n        <\/div>\n    <\/div>\n<\/section>\n\n<section id=\"flow\">\n    <div class=\"inner\">\n        <h2 class=\"section_ttl\">h\u01b0\u1edbng d\u1eabn th\u1ee7 t\u1ee5c l\u00e0m h\u1ed3 s\u01a1<\/h2>\n        <div class=\"list\">\n            <div class=\"block\">\n                <p class=\"ttl\">\u0110\u01a1n xin nh\u1eadp h\u1ecdc<\/p>\n                <p class=\"desc\">\n                    \u1ee8ng vi\u00ean n\u00ean \u0111i\u1ec1n v\u00e0o m\u1eabu \u0111\u01a1n v\u00e0 g\u1eedi tr\u1ef1c ti\u1ebfp \u0111\u1ebfn tr\u01b0\u1eddng c\u1ee7a ch\u00fang t\u00f4i qua \u0111\u01b0\u1eddng b\u01b0u \u0111i\u1ec7n, fax ho\u1eb7c email.\n                <\/p>\n            <\/div>\n            <div class=\"block\">\n                <p class=\"ttl\">\u0110\u00e1nh gi\u00e1 t\u00e0i li\u1ec7u\/ki\u1ec3m tra n\u0103ng l\u1ef1c h\u1ecdc t\u1eadp c\u01a1 b\u1ea3n\/ph\u1ecfng v\u1ea5n<\/p>\n                <p class=\"desc\">\n                    Vi\u1ec7c \u0111\u00e1nh gi\u00e1 k\u1ebft qu\u1ea3 h\u1ed3 s\u01a1 s\u1ebd \u0111\u01b0\u1ee3c ti\u1ebfn h\u00e0nh d\u1ef1a tr\u00ean c\u00e1c t\u00e0i li\u1ec7u \u0111\u00e3 n\u1ed9p.<br class=\"sp\">C\u00e1c \u1ee9ng vi\u00ean ph\u1ea3i tham gia ph\u1ecfng v\u1ea5n b\u1edfi nh\u00e2n vi\u00ean c\u1ee7a Tr\u01b0\u1eddng v\u00e0 ki\u1ec3m tra tr\u00ecnh \u0111\u1ed9 h\u1ecdc v\u1ea5n c\u01a1 b\u1ea3n (ti\u1ebfng Nh\u1eadt, to\u00e1n, ti\u1ebfng Anh, b\u00e0i lu\u1eadn ng\u1eafn).\n                <\/p>\n            <\/div>\n            <div class=\"block\">\n                <p class=\"ttl\">\u0110\u01a1n  xin c\u1ea5p Gi\u1ea5y ch\u1ee9ng nh\u1eadn \u0111\u1ee7 \u0111i\u1ec1u ki\u1ec7n nh\u1eadp h\u1ecdc <\/p>\n                <p class=\"desc\">\n                    Tr\u01b0\u1eddng s\u1ebd \u0111\u00e1nh gi\u00e1 to\u00e0n di\u1ec7n k\u1ebft qu\u1ea3 c\u1ee7a b\u00e0i ki\u1ec3m tra v\u00e0 th\u00f4ng b\u00e1o k\u1ebft qu\u1ea3 cho \u1ee9ng vi\u00ean \u0111\u1eadu hay kh\u00f4ng \u0111\u1eadu.<br>\n                    Sau \u0111\u00f3, \u1ee9ng vi\u00ean s\u1ebd n\u1ed9p c\u00e1c gi\u1ea5y t\u1edd li\u00ean quan \u0111\u1ec3 n\u1ed9p cho C\u1ee5c xu\u1ea5t nh\u1eadp c\u1ea3nh khu v\u1ef1c Osaka, V\u0103n ph\u00f2ng chi nh\u00e1nh Kobe v\u00e0 xin Gi\u1ea5y ch\u1ee9ng nh\u1eadn t\u01b0 c\u00e1ch l\u01b0u tr\u00fa.\n                <\/p>\n            <\/div>\n            <div class=\"block\">\n                <p class=\"ttl\">C\u1ea5p Gi\u1ea5y ch\u1ee9ng nh\u1eadn \u0111\u1ee7 \u0111i\u1ec1u ki\u1ec7n l\u01b0u tr\u00fa<\/p>\n                <p class=\"desc\">\n                    Nh\u00e0 tr\u01b0\u1eddng s\u1ebd th\u00f4ng b\u00e1o cho b\u1ea1n k\u1ebft qu\u1ea3 khi c\u00f3 gi\u1ea5y ch\u1ee9ng nh\u1eadn t\u01b0 c\u00e1ch l\u01b0u tr\u00fa. * Nh\u1eefng \u1ee9ng vi\u00ean kh\u00f4ng \u0111\u01b0\u1ee3c c\u1ea5p gi\u1ea5y ch\u1ee9ng nh\u1eadn \u0111\u1ee7 \u0111i\u1ec1u ki\u1ec7n l\u01b0u tr\u00fa th\u00ec Tr\u01b0\u1eddng s\u1ebd th\u00f4ng b\u00e1o l\u00fd do sau khi x\u00e1c nh\u1eadn c\u1ee5 th\u1ec3.  \n                <\/p>\n            <\/div>\n            <div class=\"block\">\n                <p class=\"ttl\">Th\u1ee7 t\u1ee5c nh\u1eadp h\u1ecdc<\/p>\n                <p class=\"desc\">\n                    Nh\u1eefng \u1ee9ng vi\u00ean \u0111\u00e3 \u0111\u01b0\u1ee3c C\u1ea5p Gi\u1ea5y ch\u1ee9ng nh\u1eadn \u0111\u1ee7 \u0111i\u1ec1u ki\u1ec7n l\u01b0u tr\u00fa ph\u1ea3i thanh to\u00e1n h\u1ecdc ph\u00ed cho Tr\u01b0\u1eddng tr\u01b0\u1edbc ng\u00e0y \u0111\u01b0\u1ee3c ch\u1ec9 \u0111\u1ecbnh theo quy \u0111\u1ecbnh. Sau khi x\u00e1c nh\u1eadn thanh to\u00e1n, Tr\u01b0\u1eddng s\u1ebd g\u1eedi gi\u1ea5y ch\u1ee9ng nh\u1eadn \u0111\u1ee7 \u0111i\u1ec1u ki\u1ec7n l\u01b0u tr\u00fa v\u00e0 c\u00e1c t\u00e0i li\u1ec7u c\u1ea7n thi\u1ebft t\u1eeb Tr\u01b0\u1eddng \u0111\u1ebfn c\u00e1c \u1ee9ng vi\u00ean.\n                <\/p>\n            <\/div>\n            <div class=\"block\">\n                <p class=\"ttl\">Xin th\u1ecb th\u1ef1c (VISA)<\/p>\n                <p class=\"desc\">\n                    Vui l\u00f2ng n\u1ed9p Gi\u1ea5y ch\u1ee9ng nh\u1eadn \u0111\u1ee7 \u0111i\u1ec1u ki\u1ec7n l\u01b0u tr\u00fa , c\u00e1c t\u00e0i li\u1ec7u c\u1ea7n thi\u1ebft nh\u01b0 l\u00e0 h\u1ed9 chi\u1ebfu cho \u0111\u1ea1i s\u1ee9 qu\u00e1n ho\u1eb7c l\u00e3nh s\u1ef1 qu\u00e1n Nh\u1eadt B\u1ea3n \u0111\u1ec3 xin v\u00e0 l\u1ea5y th\u1ecb th\u1ef1c(VISA).\n                <\/p>\n            <\/div>\n            <div class=\"block\">\n                <p class=\"ttl\">Nh\u1eadp c\u1ea3nh<\/p>\n                <p class=\"desc\">\n                    Sau khi \u0111\u1ebfn Nh\u1eadt B\u1ea3n, h\u00e3y \u0111\u1ebfn tr\u01b0\u1eddng c\u00e0ng s\u1edbm c\u00e0ng t\u1ed1t \u0111\u1ec3 l\u00e0m th\u1ee7 t\u1ee5c nh\u1eadp h\u1ecdc.\n                <\/p>\n            <\/div>\n        <\/div>    \n    <\/div>\n<\/section>\n","protected":false},"excerpt":{"rendered":"<p>Kh\u00f3a h\u1ecdc l\u00ean cao. Kh\u00f3a h\u1ecdc n\u00e0y m\u1ee5c \u0111\u00edch l\u00e0 \u0111\u1ec3 h\u1ecdc l\u00ean cao h\u01a1n nh\u01b0 h\u1ecdc Th\u1ea1c s\u0129, h\u1ecdc \u0111\u1ea1i h\u1ecdc, h\u1ecdc tr\u01b0\u1eddng ngh\u1ec1 t\u1ea1i Nh\u1eadt B\u1ea3n. C\u00f3 th\u1ec3 l\u1ea5y \u0111\u01b0\u1ee3c t\u01b0 c\u00e1ch l\u01b0u tr\u00fa du h\u1ecdc sinh. s\u01a1 c\u1ea5p M\u1ee5c ti\u00eau H\u1ecdc m\u1eabu ng\u1eef ph\u00e1p c\u01a1 b\u1ea3n\/ Thi k\u1ef3 thi n\u0103ng l\u1ef1c Ti\u1ebfng [&hellip;]<\/p>\n","protected":false},"author":1,"featured_media":0,"parent":108,"menu_order":0,"comment_status":"closed","ping_status":"closed","template":"","meta":{"_locale":"vi","_original_post":"https:\/\/www.sis-ac.com\/?page_id=20","footnotes":""},"class_list":["post-113","page","type-page","status-publish","hentry","vi"],"_links":{"self":[{"href":"https:\/\/www.sis-ac.com\/wp-json\/wp\/v2\/pages\/113","targetHints":{"allow":["GET"]}}],"collection":[{"href":"https:\/\/www.sis-ac.com\/wp-json\/wp\/v2\/pages"}],"about":[{"href":"https:\/\/www.sis-ac.com\/wp-json\/wp\/v2\/types\/page"}],"author":[{"embeddable":true,"href":"https:\/\/www.sis-ac.com\/wp-json\/wp\/v2\/users\/1"}],"replies":[{"embeddable":true,"href":"https:\/\/www.sis-ac.com\/wp-json\/wp\/v2\/comments?post=113"}],"version-history":[{"count":6,"href":"https:\/\/www.sis-ac.com\/wp-json\/wp\/v2\/pages\/113\/revisions"}],"predecessor-version":[{"id":70754,"href":"https:\/\/www.sis-ac.com\/wp-json\/wp\/v2\/pages\/113\/revisions\/70754"}],"up":[{"embeddable":true,"href":"https:\/\/www.sis-ac.com\/wp-json\/wp\/v2\/pages\/108"}],"wp:attachment":[{"href":"https:\/\/www.sis-ac.com\/wp-json\/wp\/v2\/media?parent=113"}],"curies":[{"name":"wp","href":"https:\/\/api.w.org\/{rel}","templated":true}]}}