{"id":110,"date":"2022-12-26T19:06:28","date_gmt":"2022-12-26T10:06:28","guid":{"rendered":"https:\/\/www.sis-ac.com\/?page_id=110"},"modified":"2023-12-19T09:58:44","modified_gmt":"2023-12-19T00:58:44","slug":"school","status":"publish","type":"page","link":"https:\/\/www.sis-ac.com\/vi\/vietnam\/school\/","title":{"rendered":"Th\u00f4ng tin v\u1ec1 Tr\u01b0\u1eddng H\u1ecdc"},"content":{"rendered":"\n<section id=\"educational_policy\">\n    <div class=\"inner\">\n        <div class=\"mv\">\n            <p class=\"img\"><img decoding=\"async\" src=\"https:\/\/www.sis-ac.com\/wp-content\/themes\/sis\/img\/school\/educational_policy_mv1.jpg\" alt=\"\"><\/p>\n            <p class=\"img\"><img decoding=\"async\" src=\"https:\/\/www.sis-ac.com\/wp-content\/themes\/sis\/img\/school\/educational_policy_mv2.jpg\" alt=\"\"><\/p>\n        <\/div>\n        <div class=\"detail\">\n            <h2 class=\"section_ttl\">Ph\u01b0\u01a1ng ch\u00e2m Gi\u00e1o D\u1ee5c<\/h2>\n            <p class=\"desc\">\n                D\u00e3y n\u00fai Rokko c\u00f3 \u1edf ph\u00eda b\u1eafc c\u1ee7a tr\u01b0\u1eddng ch\u00fang t\u00f4i, \u0111\u1ea1i di\u1ec7n cho thi\u00ean nhi\u00ean c\u00f3 b\u1ed1n m\u00f9a: hoa anh \u0111\u00e0o v\u00e0o m\u00f9a xu\u00e2n, c\u00e2y xanh t\u01b0\u01a1i v\u00e0o m\u00f9a h\u00e8, l\u00e1 \u0111\u1ecf v\u00e0o m\u00f9a thu v\u00e0 c\u1ea3nh tuy\u1ebft r\u01a1i v\u00e0o m\u00f9a \u0111\u00f4ng. Ng\u1eafm nh\u1eefng c\u1ea3nh v\u1eadt \u1ea5y l\u00e0m l\u00f2ng ta c\u1ea3m th\u1ea5y nh\u1eb9 nh\u00e0ng nh\u01b0 \u0111\u01b0\u1ee3c thi\u00ean nhi\u00ean xoa d\u1ecbu t\u00e2m h\u1ed3n, \u0111\u00f3 c\u0169ng l\u00e0 gi\u00e1o tr\u00ecnh c\u1ee7a t\u1ef1 nhi\u00ean th\u1eadt tuy\u1ec7t v\u1eddi cho ta th\u00eam d\u0169ng kh\u00ed m\u1ea1nh m\u1ebd h\u01a1n.<br>\n                <br>\n                M\u1ee5c \u0111\u00edch \u0111\u1ea7u ti\u00ean c\u1ee7a vi\u1ec7c th\u00e0nh l\u1eadp tr\u01b0\u1eddng d\u1ea1y ti\u1ebfng Nh\u1eadt t\u1ea1i khu v\u1ef1c n\u00e0y, n\u01a1i s\u1ebd l\u00e0 ng\u00f4i nh\u00e0 th\u1ee9 hai c\u1ee7a c\u00e1c b\u1ea1n t\u00e2n sinh vi\u00ean, c\u00f9ng v\u1edbi vi\u1ec7c \u0111\u00e0o t\u1ea1o ti\u1ebfng Nh\u1eadt c\u00f2n t\u1ea1o m\u00f4i tr\u01b0\u1eddng \u0111\u1ec3 c\u00e1c em c\u00f3 th\u1ec3 t\u00ecm hi\u1ec3u v\u0103n h\u00f3a, l\u1ecbch s\u1eed, phong t\u1ee5c t\u1eadp qu\u00e1n Nh\u1eadt B\u1ea3n.ch\u00fang t\u00f4i mu\u1ed1n gi\u00e1o d\u1ee5c c\u00e1c em nh\u1eefng ng\u01b0\u1eddi ngo\u1ea1i qu\u1ed1c m\u1ed9t c\u00e1ch t\u1ed1t nh\u1ea5t.<br>\n                <br>\n                Ch\u00fang t\u00f4i s\u1ebd ti\u1ebfp t\u1ee5c n\u1ed7 l\u1ef1c h\u1ed7 tr\u1ee3 gi\u00e1o d\u1ee5c \u0111\u1ec3 c\u00e1c em c\u00f3 \u0111\u01b0\u1ee3c n\u0103ng l\u1ef1c th\u00edch \u1ee9ng v\u1edbi x\u00e3 h\u1ed9i.&#8221;\n            <\/p>\n            <p class=\"photo\"><img decoding=\"async\" src=\"https:\/\/www.sis-ac.com\/wp-content\/themes\/sis\/img\/school\/educational_policy_photo.jpg\" alt=\"\"><\/p>\n        <\/div>\n    <\/div>\n<\/section>\n\n<section id=\"current_voice\">\n    <div class=\"inner\">\n        <h2 class=\"section_ttl\">L\u1eddi nh\u1eafn c\u1ee7a c\u00e1c h\u1ecdc vi\u00ean \u0111ang theo h\u1ecdc t\u1ea1i Tr\u01b0\u1eddng<\/h2>\n        <div class=\"list\">\n            <div class=\"block\">\n                <p class=\"name\">KHIN HSU HSU SAN\u3000<br class=\"sp\">H\u1ecdc vi\u00ean Myanmar<\/p>\n                <div class=\"row\">\n                    <div class=\"img\">\n                        <img decoding=\"async\" src=\"https:\/\/www.sis-ac.com\/wp-content\/themes\/sis\/img\/school\/current_1.jpg\" alt=\"KHIN HSU HSU SAN(\u30ad\u30f3 \u30b9\u30b9 \u30b5\u30f3\uff09\u3000H\u1ecdc vi\u00ean Myanmar\">\n                    <\/div>\n                    <div class=\"txt\">\n                        <p>\n                            T\u00f4i \u0111\u1ebfn t\u1eeb bang Shan, Myanmar. \u01af\u1edbc m\u01a1 c\u1ee7a t\u00f4i l\u00e0 \u0111\u01b0\u1ee3c \u0111i du h\u1ecdc Nh\u1eadt B\u1ea3n. L\u1ea7n \u0111\u1ea7u ti\u00ean khi t\u00f4i \u0111\u1ebfn Nh\u1eadt B\u1ea3n, t\u00f4i r\u1ea5t \u1ea5n t\u01b0\u1ee3ng b\u1edfi c\u00f4ng ngh\u1ec7 ti\u00ean ti\u1ebfn v\u00e0 phong c\u1ea3nh tuy\u1ec7t \u0111\u1eb9p c\u1ee7a Nh\u1eadt B\u1ea3n.<br>\n                            Trong l\u1edbp t\u00f4i c\u00f3 nhi\u1ec1u h\u1ecdc vi\u00ean \u0111\u1ebfn t\u1eeb nhi\u1ec1u Qu\u1ed1c Gia kh\u00e1c nhau. T\u00f4i \u0111\u00e3 \u0111\u01b0\u1ee3c k\u1ebft n\u1ed1i v\u1edbi m\u1ecdi ng\u01b0\u1eddi t\u1eeb kh\u1eafp n\u01a1i tr\u00ean th\u1ebf gi\u1edbi v\u00e0 t\u00ecm hi\u1ec3u v\u1ec1 ch\u00ednh tr\u1ecb Myanmar t\u1eeb g\u00f3c nh\u00ecn Nh\u1eadt B\u1ea3n v\u00e0 m\u1ed9t tr\u1ea3i nghi\u1ec7m qu\u00fd gi\u00e1 h\u01a1n n\u1eefa \u0111\u00f3 l\u00e0 vi\u1ec7c h\u1ecdc ti\u1ebfng Nh\u1eadt.<br>\n                            Tr\u01b0\u1eddng h\u1ecdc r\u1ea5t g\u1ea7n v\u1edbi k\u00ed t\u00fac x\u00e1, g\u1ea7n \u0111\u00f3 c\u0169ng c\u00f3 si\u00eau th\u1ecb v\u00e0 nh\u00e0 ga. Sau khi h\u1ecdc tr\u00ean l\u1edbp xong th\u00ec c\u00f3 th\u1ec3 \u0111i l\u00e0m th\u00eam \u0111\u1ec3 trang tr\u1ea3i cu\u1ed9c s\u1ed1ng, v\u00ec v\u1eady kh\u00f4ng ph\u1ea3i lo l\u1eafng v\u1ec1 c\u00e1c chi ph\u00ed sinh ho\u1ea1t h\u1eb1ng ng\u00e0y.<br>\n                            T\u00f4i s\u1ed1ng xa gia \u0111\u00ecnh n\u00ean c\u0169ng c\u00f3 nh\u1eefng l\u00fac t\u00f4i c\u1ea3m th\u1ea5y h\u01a1i c\u00f4 \u0111\u01a1n nh\u01b0ng v\u00ec l\u00fac n\u00e0o c\u0169ng c\u00f3 th\u1ec3 g\u1ecdi video n\u00f3i chuy\u1ec7n v\u1edbi gia \u0111\u00ecnh n\u00ean t\u00f4i c\u0169ng c\u1ea3m th\u1ea5y an t\u00e2m. Sau khi t\u1ed1t nghi\u1ec7p ra Tr\u01b0\u1eddng, t\u00f4i mu\u1ed1n ti\u1ebfp t\u1ee5c h\u1ecdc l\u00ean cao h\u01a1n v\u00e0 t\u01b0\u01a1ng lai sau n\u00e0y t\u00f4i mu\u1ed1n tr\u1edf th\u00e0nh th\u00f4ng d\u1ecbch vi\u00ean ti\u1ebfng  Myanmar v\u00e0  ti\u1ebfng Nh\u1eadt B\u1ea3n.      \n                        <\/p>\n                    <\/div>\n                <\/div>\n            <\/div>\n            <div class=\"block\">\n                <p class=\"name\">CHAWDHURY PRAKASH CHANDRA <br class=\"sp\">H\u1ecdc vi\u00ean \u1ea4n \u0110\u1ed9<\/p>\n                <div class=\"row\">\n                    <div class=\"img\">\n                        <img decoding=\"async\" src=\"https:\/\/www.sis-ac.com\/wp-content\/themes\/sis\/img\/school\/current_2.jpg\" alt=\"CHAWDHURY PRAKASH CHANDRA\uff08\u30c1\u30e7\u30fc\u30c9\u30ea\u2015 \u30dd\u30ed\u30ab\u30b9 \u30c1\u30e3\u30f3\u30c9\u30e9\uff09H\u1ecdc vi\u00ean \u1ea4n \u0110\u1ed9\">\n                    <\/div>\n                    <div class=\"txt\">\n                        <p>\n                            Trong l\u1edbp h\u1ecdc c\u1ee7a t\u00f4i c\u00f3 r\u1ea5t nhi\u1ec1u h\u1ecdc vi\u00ean \u0111\u1ebfn t\u1eeb c\u00e1c Qu\u1ed1c Gia tr\u00ean th\u1ebf gi\u1edbi . C\u00f9ng h\u1ecdc t\u1eadp v\u1edbi c\u00e1c b\u1ea1n  kh\u00f4ng ch\u1ec9 gi\u00fap t\u00f4i c\u1ea3i thi\u1ec7n ti\u1ebfng Nh\u1eadt m\u00e0 c\u00f2n c\u00f3 th\u1ec3 m\u1edf r\u1ed9ng t\u1ea7m nh\u00ecn. C\u0169ng c\u00f3 \u0111\u00f4i khi t\u00f4i b\u1ecb ng\u1ea1c nhi\u00ean b\u1edfi v\u0103n h\u00f3a c\u1ee7a Nh\u1eadt B\u1ea3n nh\u01b0ng t\u00f4i \u0111ang t\u1eadn h\u01b0\u1edfng cu\u1ed9c s\u1ed1ng du h\u1ecdc c\u1ee7a m\u00ecnh m\u1ed9t c\u00e1ch tr\u1ecdn v\u1eb9n nh\u1ea5t.<br>\n                            Gi\u00e1o vi\u00ean d\u1ea1y ti\u1ebfng Nh\u1eadt r\u1ea5t d\u1ec5 hi\u1ec3u, \u0111\u1ed3ng th\u1eddi c\u0169ng t\u01b0 v\u1ea5n, \u0111\u01b0a ra nh\u1eefng l\u1eddi khuy\u00ean, v\u00e0 h\u1ed7 tr\u1ee3 t\u00f4i trong cu\u1ed9c s\u1ed1ng h\u00e0ng ng\u00e0y. T\u00f4i \u0111\u00e3 r\u1ea5t lo l\u1eafng tr\u01b0\u1edbc khi \u0111\u1ebfn Nh\u1eadt B\u1ea3n nh\u01b0ng t\u00f4i \u0111\u00e3 c\u00f3 th\u1ec3 nhanh ch\u00f3ng l\u00e0m quen v\u1edbi cu\u1ed9c s\u1ed1ng \u1edf Nh\u1eadt.<br>\n                            M\u1ee5c ti\u00eau c\u1ee7a t\u00f4i l\u00e0 \u0111\u1eadu k\u1ef3 thi n\u0103ng l\u1ef1c ti\u1ebfng Nh\u1eadt N1 v\u00e0 l\u00e0m c\u00f4ng vi\u1ec7c v\u1ec1  k\u1ef9 s\u01b0 IT t\u1ea1i Nh\u1eadt B\u1ea3n. T\u00f4i tin r\u1eb1ng n\u1ebfu h\u1ecdc t\u1eadp v\u1edbi m\u1ee5c ti\u00eau r\u00f5 r\u00e0ng th\u00ec ch\u1eafc ch\u1eafn s\u1ebd c\u00f3 th\u1ec3 \u0111\u1ea1t \u0111\u01b0\u1ee3c m\u1ee5c ti\u00eau c\u1ee7a m\u00ecnh.\n                        <\/p>\n                    <\/div>\n                <\/div>\n            <\/div>\n        <\/div>\n    <\/div>\n<\/section>\n\n<section id=\"facility\">\n    <div class=\"inner\">\n        <h2 class=\"section_ttl\">Th\u00f4ng tin c\u01a1 s\u1edf v\u1eadt ch\u1ea5t<\/h2>\n        <div class=\"slide_area\">\n            <div class=\"facility_slider\">\n                <div class=\"slide\">\n                    <p class=\"img\"><img decoding=\"async\" src=\"https:\/\/www.sis-ac.com\/wp-content\/themes\/sis\/img\/school\/facility01.jpg\" alt=\"\"><\/p>\n                    <div class=\"txt\">\n                        <p class=\"ttl\">x\u00e2y d\u1ef1ng tr\u01b0\u1eddng h\u1ecdc<\/p>\n                        <p class=\"desc\">\n                            V\u00ec Tr\u01b0\u1eddng n\u1eb1m trong khu d\u00e2n c\u01b0 y\u00ean t\u0129nh n\u00ean b\u1ea1n c\u00f3 th\u1ec3 t\u1eadp trung h\u1ecdc t\u1eadp.\n                        <\/p>\n                    <\/div>\n                <\/div>\n                <div class=\"slide\">\n                    <p class=\"img\"><img decoding=\"async\" src=\"https:\/\/www.sis-ac.com\/wp-content\/themes\/sis\/img\/school\/facility02.jpg\" alt=\"\"><\/p>\n                    <div class=\"txt\">\n                        <p class=\"ttl\">Th\u00f4ng tin v\u1ec1 l\u1edbp h\u1ecdc <\/p>\n                        <p class=\"desc\">\n                            Tr\u01b0\u1eddng c\u00f3 ba ph\u00f2ng h\u1ecdc. L\u00fac n\u00e0o c\u0169ng vang ti\u1ebfng gi\u1ea3ng b\u00e0i c\u1ee7a Th\u1ea7y C\u00f4 v\u00e0 ti\u1ebfng luy\u1ec7n \u0111\u1ecdc c\u1ee7a c\u00e1c h\u1ecdc vi\u00ean tr\u00e0n \u0111\u1ea7y n\u0103ng l\u01b0\u1ee3ng. T\u1ea5t c\u1ea3 c\u00e1c ph\u00f2ng h\u1ecdc \u0111\u1ec1u s\u00e1ng s\u1ee7a v\u00e0 r\u1ed9ng r\u00e3i.\n                        <\/p>\n                    <\/div>\n                <\/div>\n                <div class=\"slide\">\n                    <p class=\"img\"><img decoding=\"async\" src=\"https:\/\/www.sis-ac.com\/wp-content\/themes\/sis\/img\/school\/facility03.jpg\" alt=\"\"><\/p>\n                    <div class=\"txt\">\n                        <p class=\"ttl\">Ph\u00f2ng h\u01b0\u1edbng nghi\u1ec7p<\/p>\n                        <p class=\"desc\">\n                            B\u1ea1n c\u00f3 th\u1ec3 tham kh\u1ea3o c\u00e1c s\u00e1ch h\u01b0\u1edbng d\u1eabn, t\u1edd qu\u1ea3ng c\u00e1o t\u1eeb c\u00e1c Tr\u01b0\u1eddng \u0111\u1ea1i h\u1ecdc v\u00e0 Tr\u01b0\u1eddng d\u1ea1y ngh\u1ec1 tr\u00ean to\u00e0n Nh\u1eadt B\u1ea3n. Gi\u00e1o vi\u00ean s\u1ebd cung c\u1ea5p t\u00e0i li\u1ec7u v\u00e0 t\u01b0 v\u1ea5n \u0111\u1ec3 c\u00e1c b\u1ea1n c\u00f3 th\u1ec3 h\u1ecdc l\u00ean cao h\u01a1n.\n                        <\/p>\n                    <\/div>\n                <\/div>\n                <div class=\"slide\">\n                    <p class=\"img\"><img decoding=\"async\" src=\"https:\/\/www.sis-ac.com\/wp-content\/themes\/sis\/img\/school\/facility04.jpg\" alt=\"\"><\/p>\n                    <div class=\"txt\">\n                        <p class=\"ttl\">S\u00e2n th\u01b0\u1ee3ng <\/p>\n                        <p class=\"desc\">\n                            T\u1eeb tr\u00ean s\u00e2n th\u01b0\u1ee3ng  c\u00f3 th\u1ec3 ng\u1eafm nh\u00ecn c\u1ea3nh \u0111\u1eb9p c\u1ee7a d\u00e3y N\u00fai Rokko. N\u1ebfu th\u1eddi ti\u1ebft \u0111\u1eb9p, b\u1ea1n c\u00f3 th\u1ec3 \u0103n tr\u01b0a ho\u1eb7c ng\u1ee7 tr\u01b0a t\u1ea1i \u0111\u00e2y.\n                        <\/p>\n                    <\/div>\n                <\/div>\n            <\/div>\n        <\/div>\n    <\/div>\n<\/section>\n\n<section id=\"access\">\n    <div class=\"inner\">\n        <h2 class=\"section_ttl\">truy c\u1eadp, k\u1ebft n\u1ed1i<\/h2>\n        <div class=\"map\">\n            <iframe src=\"https:\/\/www.google.com\/maps\/embed?pb=!1m18!1m12!1m3!1d3279.6014728133664!2d135.26190259999998!3d34.7152305!2m3!1f0!2f0!3f0!3m2!1i1024!2i768!4f13.1!3m3!1m2!1s0x60008d0007e5c3a5%3A0x3c0a220e01257a27!2z44CSNjU4LTAwNTMg5YW15bqr55yM56We5oi45biC5p2x54GY5Yy65L2P5ZCJ5a6u55S677yS5LiB55uu77yS77yR4oiS77yYIOWxseaLm-iIiOeUo-ODk-ODqw!5e0!3m2!1sja!2sjp!4v1670568125517!5m2!1sja!2sjp\" width=\"100%\" height=\"500\" style=\"border:0;\" allowfullscreen=\"\" loading=\"lazy\" referrerpolicy=\"no-referrer-when-downgrade\"><\/iframe>\n        <\/div>\n    <\/div>\n<\/section>\n","protected":false},"excerpt":{"rendered":"<p>Ph\u01b0\u01a1ng ch\u00e2m Gi\u00e1o D\u1ee5c D\u00e3y n\u00fai Rokko c\u00f3 \u1edf ph\u00eda b\u1eafc c\u1ee7a tr\u01b0\u1eddng ch\u00fang t\u00f4i, \u0111\u1ea1i di\u1ec7n cho thi\u00ean nhi\u00ean c\u00f3 b\u1ed1n m\u00f9a: hoa anh \u0111\u00e0o v\u00e0o m\u00f9a xu\u00e2n, c\u00e2y xanh t\u01b0\u01a1i v\u00e0o m\u00f9a h\u00e8, l\u00e1 \u0111\u1ecf v\u00e0o m\u00f9a thu v\u00e0 c\u1ea3nh tuy\u1ebft r\u01a1i v\u00e0o m\u00f9a \u0111\u00f4ng. Ng\u1eafm nh\u1eefng c\u1ea3nh v\u1eadt \u1ea5y l\u00e0m l\u00f2ng ta [&hellip;]<\/p>\n","protected":false},"author":1,"featured_media":0,"parent":108,"menu_order":0,"comment_status":"closed","ping_status":"closed","template":"","meta":{"_locale":"vi","_original_post":"https:\/\/www.sis-ac.com\/?page_id=18","footnotes":""},"class_list":["post-110","page","type-page","status-publish","hentry","vi"],"_links":{"self":[{"href":"https:\/\/www.sis-ac.com\/wp-json\/wp\/v2\/pages\/110","targetHints":{"allow":["GET"]}}],"collection":[{"href":"https:\/\/www.sis-ac.com\/wp-json\/wp\/v2\/pages"}],"about":[{"href":"https:\/\/www.sis-ac.com\/wp-json\/wp\/v2\/types\/page"}],"author":[{"embeddable":true,"href":"https:\/\/www.sis-ac.com\/wp-json\/wp\/v2\/users\/1"}],"replies":[{"embeddable":true,"href":"https:\/\/www.sis-ac.com\/wp-json\/wp\/v2\/comments?post=110"}],"version-history":[{"count":5,"href":"https:\/\/www.sis-ac.com\/wp-json\/wp\/v2\/pages\/110\/revisions"}],"predecessor-version":[{"id":70747,"href":"https:\/\/www.sis-ac.com\/wp-json\/wp\/v2\/pages\/110\/revisions\/70747"}],"up":[{"embeddable":true,"href":"https:\/\/www.sis-ac.com\/wp-json\/wp\/v2\/pages\/108"}],"wp:attachment":[{"href":"https:\/\/www.sis-ac.com\/wp-json\/wp\/v2\/media?parent=110"}],"curies":[{"name":"wp","href":"https:\/\/api.w.org\/{rel}","templated":true}]}}