{"id":108,"date":"2022-12-26T19:03:52","date_gmt":"2022-12-26T10:03:52","guid":{"rendered":"https:\/\/www.sis-ac.com\/?page_id=108"},"modified":"2024-04-02T12:01:16","modified_gmt":"2024-04-02T03:01:16","slug":"vietnam","status":"publish","type":"page","link":"https:\/\/www.sis-ac.com\/vi\/vietnam\/","title":{"rendered":"Vietnam TOP"},"content":{"rendered":"\n<p class=\"online fixed_btn\"><a href=\"\/online\/vn\/\"><img decoding=\"async\" src=\"https:\/\/www.sis-ac.com\/wp-content\/themes\/sis\/img\/top\/online.png\" alt=\"ONLINE CLASS\"><\/a><\/p>\n\n<section id=\"catch\">\n    <div class=\"inner\">\n        <div class=\"welcome\">\n            <h3 class=\"section_ttl\">Ch\u00e0o m\u1eebng b\u1ea1n \u0111\u1ebfn v\u1edbi Tr\u01b0\u1eddng Nh\u1eadt ng\u1eef Qu\u1ed1c t\u1ebf Sumiyoshi Kobe.<\/h3>\n            <p class=\"intro\">\n                T\u1ea1i Tr\u01b0\u1eddng Nh\u1eadt ng\u1eef Qu\u1ed1c t\u1ebf Kobe Sumiyoshi, h\u1ecdc vi\u00ean kh\u00f4ng ch\u1ec9 h\u1ecdc ng\u00f4n ng\u1eef  ti\u1ebfng Nh\u1eadt  m\u00e0 c\u00f2n \u0111\u01b0\u1ee3c h\u1ecdc h\u1ecfi, t\u00ecm hi\u1ec3u s\u00e2u v\u1ec1 v\u0103n h\u00f3a. Nh\u00e0 Tr\u01b0\u1eddng lu\u00f4n lu\u00f4n t\u1ea1o \u0111i\u1ec1u ki\u1ec7n v\u00e0  m\u00f4i tr\u01b0\u1eddng h\u1ecdc t\u1eadp l\u00fd t\u01b0\u1edfng cho h\u1ecdc vi\u00ean \u0111\u1ec3 h\u1ecdc vi\u00ean c\u00f3 th\u1ec3 h\u1ecdc t\u1eadp v\u1ec1 c\u1ea3  ng\u00f4n ng\u1eef v\u00e0 v\u0103n h\u00f3a Nh\u1eadt B\u1ea3n.\n            <\/p>\n            <div class=\"list\">\n                <div class=\"block\">\n                    <p class=\"main\">Ch\u01b0\u01a1ng tr\u00ecnh gi\u1ea3ng d\u1ea1y v\u00e0 h\u1ed7 tr\u1ee3 c\u00e1c h\u1ecdc vi\u00ean r\u1ea5t \u0111a d\u1ea1ng v\u00e0 phong ph\u00fa<\/p>\n                    <p class=\"detail\">\n                        Tr\u01b0\u1eddng Nh\u1eadt ng\u1eef Qu\u1ed1c t\u1ebf Kobe Sumiyoshi lu\u00f4n cung c\u1ea5p nhi\u1ec1u l\u1edbp h\u1ecdc \u0111a d\u1ea1ng, phong ph\u00fa ph\u00f9 h\u1ee3p v\u1edbi tr\u00ecnh \u0111\u1ed9 c\u1ee7a t\u1eebng h\u1ecdc vi\u00ean v\u00e0 c\u00f3 k\u1ebf ho\u1ea1ch h\u1ecdc t\u1eadp ph\u00f9 h\u1ee3p v\u1edbi nhu c\u1ea7u c\u1ee7a t\u1eebng h\u1ecdc vi\u00ean. Trong l\u1edbp h\u1ecdc, h\u1ecdc vi\u00ean kh\u00f4ng ch\u1ec9 h\u1ecdc ti\u1ebfng Nh\u1eadt \u0111\u1ec3 thi c\u1eed m\u00e0 c\u00f2n h\u1ecdc c\u00e1c k\u0129 n\u0103ng ph\u00e1t tri\u1ec3n v\u1ec1 kh\u1ea3 n\u0103ng di\u1ec5n \u0111\u1ea1t nh\u1eefng \u0111i\u1ec1u m\u00ecnh mu\u1ed1n n\u00f3i b\u1eb1ng ti\u1ebfng Nh\u1eadt theo c\u00e1ch ri\u00eang c\u1ee7a m\u00ecnh. Ngo\u00e0i ra, h\u1ecdc vi\u00ean s\u1ebd c\u00f3 \u0111\u01b0\u1ee3c kh\u1ea3 n\u0103ng h\u1ecdc t\u1eadp m\u1ed9t c\u00e1ch \u0111\u1ed9c l\u1eadp \u0111\u1ec3 c\u00f3 th\u1ec3 h\u1ecdc t\u1eadp v\u00e0 nghi\u00ean c\u1ee9u m\u1ed9t c\u00e1ch t\u1ed1t nh\u1ea5t khi c\u00e1c b\u1ea1n m\u1ed1n h\u1ecdc l\u00ean c\u00e1c ch\u01b0\u01a1ng tr\u00ecnh gi\u00e1o d\u1ee5c cao h\u01a1n.\n                    <\/p>\n                <\/div>\n                <div class=\"block\">\n                    <p class=\"main\">C\u01a1 h\u1ed9i tr\u1ea3i nghi\u1ec7m \u0111a v\u0103n h\u00f3a<\/p>\n                    <p class=\"detail\">\n                        Nh\u00e0 Tr\u01b0\u1eddng lu\u00f4n mang \u0111\u1ebfn cho h\u1ecdc vi\u00ean c\u01a1 h\u1ed9i tr\u1ea3i nghi\u1ec7m v\u0103n h\u00f3a truy\u1ec1n th\u1ed1ng Nh\u1eadt B\u1ea3n th\u00f4ng qua nhi\u1ec1u s\u1ef1 ki\u1ec7n kh\u00e1c nhau \u0111\u1ec3 h\u1ecdc vi\u00ean c\u00f3 th\u1ec3 t\u00ecm hi\u1ec3u s\u00e2u v\u1ec1 v\u0103n h\u00f3a, t\u00f4n tr\u1ecdng v\u0103n h\u00f3a c\u1ee7a ch\u00ednh \u0110\u1ea5t N\u01b0\u1edbc m\u00ecnh, \u0111\u1ed3ng th\u1eddi t\u1ea1o ra nh\u1eefng gi\u00e1 tr\u1ecb m\u1edbi v\u1ec1 \u0111a v\u0103n h\u00f3a. Ngo\u00e0i ra, Tr\u01b0\u1eddng c\u0169ng c\u00f3 r\u1ea5t nhi\u1ec1u h\u1ecdc vi\u00ean \u0111\u1ebfn t\u1eeb nhi\u1ec1u Qu\u1ed1c gia kh\u00e1c nhau tr\u00ean th\u1ebf gi\u1edbi n\u00ean h\u1ecdc vi\u00ean c\u00f3 th\u1ec3 h\u1ecdc ti\u1ebfng Nh\u1eadt \u0111\u1ed3ng th\u1eddi h\u1ecdc h\u1ecfi, t\u00ecm hi\u1ec3u th\u00eam v\u1ec1 c\u00e1c n\u1ec1n v\u0103n h\u00f3a kh\u00e1c nhau.\n                    <\/p>\n                <\/div>\n                <div class=\"block\">\n                    <p class=\"main\">Cu\u1ed9c s\u1ed1ng, sinh ho\u1ea1t \u1edf Kobe<\/p>\n                    <p class=\"detail\">\n                        Tr\u01b0\u1eddng Nh\u1eadt ng\u1eef Qu\u1ed1c t\u1ebf Kobe Sumiyoshi, c\u00f3 v\u1ecb tr\u00ed n\u1eb1m \u1edf Th\u00e0nh ph\u1ed1 Kobe, t\u1eeb l\u00e2u \u0111\u00e3 l\u00e0 m\u1ed9t Th\u00e0nh ph\u1ed1 Qu\u1ed1c t\u1ebf n\u01a1i c\u00f3 nhi\u1ec1u ng\u01b0\u1eddi N\u01b0\u1edbc ngo\u00e0i sinh s\u1ed1ng t\u1eeb l\u00e2u \u0111\u1eddi v\u00e0 \u0111\u00e3 c\u00f3 s\u1ef1 k\u1ebft h\u1ee3p gi\u1eefa c\u00e1c n\u1ec1n v\u0103n h\u00f3a kh\u00e1c nhau v\u00e0 v\u0103n h\u00f3a truy\u1ec1n th\u1ed1ng Nh\u1eadt B\u1ea3n r\u1ea5t th\u00fa v\u1ecb. Sinh vi\u00ean \u0111\u01b0\u1ee3c tr\u1ea3i nghi\u1ec7m h\u1ecdc t\u1eadp t\u1ea1i Th\u00e0nh ph\u1ed1 Qu\u1ed1c t\u1ebf \u0111a v\u0103n h\u00f3a s\u1ebd l\u00e0 nh\u1eefng ngu\u1ed3n nh\u00e2n l\u1ef1c ph\u00e1t tri\u1ec3n c\u00f3 th\u1ec3 \u0111\u00f3ng vai tr\u00f2 t\u00edch c\u1ef1c trong x\u00e3 h\u1ed9i to\u00e0n c\u1ea7u.\n                    <\/p>\n                <\/div>\n                <div class=\"block\">\n                    <p class=\"main\">H\u1ed7 tr\u1ee3 c\u00e1c b\u1ea1n du h\u1ecdc sinh<\/p>\n                    <p class=\"detail\">\n                        H\u1ed7 tr\u1ee3 c\u00e1c b\u1ea1n du h\u1ecdc sinh l\u00e0 \u01b0u ti\u00ean h\u00e0ng \u0111\u1ea7u c\u1ee7a Nh\u00e0 Tr\u01b0\u1eddng. T\u1eeb khi sinh vi\u00ean nh\u1eadp h\u1ecdc \u0111\u1ebfn khi t\u1ed1t nghi\u1ec7p, Nh\u00e0 Tr\u01b0\u1eddng lu\u00f4n h\u1ed7 tr\u1ee3 c\u00e1 nh\u00e2n ph\u00f9 h\u1ee3p v\u1edbi t\u1eebng h\u1ecdc vi\u00ean v\u00e0 c\u1ed1 g\u1eafng h\u1ebft s\u1ee9c \u0111\u1ec3 gi\u00fap cho cu\u1ed9c s\u1ed1ng c\u1ee7a c\u00e1c du h\u1ecdc sinh \u1edf Nh\u1eadt B\u1ea3n tr\u1edf n\u00ean tho\u1ea3i m\u00e1i v\u00e0 tr\u1ecdn v\u1eb9n nh\u1ea5t.\n                    <\/p>\n                <\/div>\n            <\/div>\n            <p class=\"outro\">\n                H\u00e3y b\u1eaft \u0111\u1ea7u h\u00e0nh tr\u00ecnh h\u1ecdc t\u1eadp t\u1ea1i Nh\u1eadt B\u1ea3n v\u1edbi Tr\u01b0\u1eddng Nh\u1eadt ng\u1eef Qu\u1ed1c t\u1ebf Kobe Sumiyoshi.\n            <\/p>\n        <\/div>\n    <\/div>\n<\/section>\n<section id=\"greeting\">\n    <div class=\"inner\">\n        <h2 class=\"section_ttl\">L\u1eddi Ch\u00e0o<\/h2>\n        <p class=\"message\">\n            Trong x\u00e3 h\u1ed9i thay \u0111\u1ed5i nhanh ch\u00f3ng ng\u00e0y nay, \u0111i\u1ec1u quan tr\u1ecdng l\u00e0 ph\u1ea3i c\u00f3 m\u1ed9t m\u1ee5c \u0111\u00edch r\u00f5 r\u00e0ng \u0111\u1ec3 kh\u00f4ng \u0111\u00e1nh m\u1ea5t ch\u00ednh m\u00ecnh.C\u00f3 th\u1ec3 giao l\u01b0u qu\u1ed1c t\u1ebf khi c\u00f3 s\u1ef1 hi\u1ec3u bi\u1ebft v\u00e0 hi\u1ec3u v\u1ec1 v\u0103n h\u00f3a c\u1ee7a \u0110\u1ea5t N\u01b0\u1edbc \u0111\u00f3. C\u00e1c b\u1ea1n h\u1ecdc sinh \u0111ang h\u1ecdc t\u1ea1i tr\u01b0\u1eddng c\u1ee7a  ch\u00fang t\u00f4i, h\u00e3y c\u00f9ng ch\u00fang t\u00f4i h\u1ecdc t\u1eadp v\u00e0 l\u00e0m vi\u1ec7c ch\u0103m ch\u1ec9 \u0111\u1ec3 t\u1ea1o ra m\u1ed9t x\u00e3 h\u1ed9i m\u1edbi. Ch\u00fang t\u00f4i s\u1ebd h\u1ed7 tr\u1ee3 c\u00e1c b\u1ea1n h\u1ebft s\u1ee9c c\u00f3 th\u1ec3 \u0111\u1ec3 b\u1ea1n th\u1ef1c hi\u1ec7n \u0111\u01b0\u1ee3c \u01b0\u1edbc m\u01a1 c\u1ee7a m\u00ecnh.\n        <\/p>\n        <p class=\"photo\"><img decoding=\"async\" src=\"https:\/\/www.sis-ac.com\/wp-content\/themes\/sis\/img\/japanese\/chairman.jpg\" alt=\"SIS Academy\u7406\u4e8b\u9577  \u82e5\u6797 \u82b3\u5b50\"><\/p>\n        <p class=\"name\">Yoshiko Wakabayashi  Hi\u1ec7u tr\u01b0\u1edfng  SIS Academy<\/p>\n    <\/div>\n<\/section>\n<section id=\"info\">\n    <div class=\"inner\">\n        <table>\n            <tbody><tr>\n                <th>T\u00ean c\u00f4ng ty<\/th>\n                <td>SIS Academy<\/td>\n            <\/tr>\n            <tr>\n                <th>\u0110\u1ecba ch\u1ec9<\/th>\n                <td>\n                   2-21-8 Sumiyoshimiyamachi Higashinada-ku Kobe-shi Japan T658-0053\n                <\/td>\n            <\/tr>\n            <tr>\n                <th>S\u1ed1 \u0111i\u1ec7n tho\u1ea1i<\/th>\n                <td>078-822-6620<\/td>\n            <\/tr>\n            <tr>\n                <th>FAX<\/th>\n                <td>078-822-6621<\/td>\n            <\/tr>\n            <tr>\n                <th>Hi\u1ec7u tr\u01b0\u1edfng<\/th>\n                <td>Yoshiko Wakabayashi<\/td>\n            <\/tr>\n            <tr>\n                <th>Ng\u00e0y ngh\u1ec9<\/th>\n                <td>Ch\u1ee7 nh\u1eadt, ng\u00e0y ngh\u1ec9 l\u1ec5 , ng\u00e0y ngh\u1ec9 cu\u1ed1i n\u0103m v\u00e0 n\u0103m m\u1edbi (xem h\u01b0\u1edbng d\u1eabn kh\u00f3a h\u1ecdc \u0111\u1ec3 bi\u1ebft chi ti\u1ebft)<\/td>\n            <\/tr>\n            <tr>\n                <th>Qu\u1ed1c t\u1ecbch c\u1ee7a sinh vi\u00ean<\/th>\n                <td>\n                    Trung Qu\u1ed1c, H\u00e0n Qu\u1ed1c, Nepal, Sri Lanka, Indonesia, Pakistan, Vi\u1ec7t Nam, v.v.\n                <\/td>\n            <\/tr>\n            <tr>\n                <th>B\u00e1o c\u00e1o \u0111\u00e1nh gi\u00e1<\/th>\n                <td><a href=\"https:\/\/www.sis-ac.com\/wp-content\/themes\/sis\/img\/pdf\/tenken2021.pdf\" target=\"_blank\" rel=\"noopener\">N\u0103m 2021<\/a> \uff0f <a href=\"https:\/\/www.sis-ac.com\/wp-content\/themes\/sis\/img\/pdf\/houkoku2022.pdf\" target=\"_blank\" rel=\"noopener\">N\u0103m 2022<\/a><\/td>\n            <\/tr>\n        <\/tbody><\/table>\n    <\/div>\n<\/section>\n<section id=\"kobe\">\n    <div class=\"inner\">\n        <div class=\"mv\">\n            <img decoding=\"async\" class=\"pc\" src=\"https:\/\/www.sis-ac.com\/wp-content\/themes\/sis\/img\/japanese\/kobe_mv.jpg\" alt=\"KOBE\">\n            <img decoding=\"async\" class=\"sp\" src=\"https:\/\/www.sis-ac.com\/wp-content\/themes\/sis\/img\/japanese\/kobe_mv_sp.jpg\" alt=\"KOBE\">\n        <\/div>\n        <div class=\"detail\">\n            <h2 class=\"section_ttl\">Th\u00e0nh ph\u1ed1 Kobe<\/h2>\n            <p class=\"desc\">\n                Tr\u01b0\u1eddng h\u1ecdc kh\u00f4ng ph\u1ea3i l\u00e0 n\u01a1i duy nh\u1ea5t \u0111\u1ec3 h\u1ecdc.\u00a0H\u00e3y tr\u1ea3i nghi\u1ec7m th\u00e0nh ph\u1ed1 qu\u1ed1c t\u1ebf &#8220;Kobe&#8221; .\u00a0Th\u00e0nh ph\u1ed1 Kobe n\u1eb1m \u1edf ph\u00eda nam c\u1ee7a t\u1ec9nh Hyogo, v\u1edbi bi\u1ec3n n\u1ed9i \u0111\u1ecba Seto \u1edf ph\u00eda nam v\u00e0 d\u00e3y n\u00fai Rokko \u1edf ph\u00eda b\u1eafc.\u00a0N\u00f3 \u0111\u00e3 th\u1ecbnh v\u01b0\u1ee3ng nh\u01b0 m\u1ed9t th\u01b0\u01a1ng c\u1ea3ng t\u1eeb th\u1eddi c\u1ed5 \u0111\u1ea1i v\u00e0 v\u1eabn l\u00e0 m\u1ed9t trong nh\u1eefng th\u00e0nh ph\u1ed1 th\u01b0\u01a1ng m\u1ea1i qu\u1ed1c t\u1ebf h\u00e0ng \u0111\u1ea7u th\u1ebf gi\u1edbi.\u00a0Ngo\u00e0i ra, khu v\u1ef1c D\u00e3y n\u00fai Rokko n\u1ed5i ti\u1ebfng l\u00e0 n\u01a1i s\u1ea3n sinh ra c\u00e1c khu ngh\u1ec9 d\u01b0\u1ee1ng c\u1ee7a Nh\u1eadt B\u1ea3n v\u00e0 \u0111\u1eb7c bi\u1ec7t l\u00e0 Su\u1ed1i n\u01b0\u1edbc n\u00f3ng Arima, n\u1eb1m \u1edf ph\u00eda b\u1eafc c\u1ee7a N\u00fai Rokko r\u1ea5t n\u1ed5i ti\u1ebfng \u0111\u1ed1i v\u1edbi kh\u00e1ch du l\u1ecbch.\u00a0Nhi\u1ec1u ng\u01b0\u1eddi n\u01b0\u1edbc ngo\u00e0i s\u1ed1ng \u1edf Kobe v\u00e0 c\u00e1c d\u1ecbch v\u1ee5 d\u00e0nh cho ng\u01b0\u1eddi n\u01b0\u1edbc ngo\u00e0i c\u0169ng nhi\u1ec1u \u0111\u00e1ng k\u1ec3.\u00a0N\u01a1i s\u1ebd tr\u1edf th\u00e0nh ng\u00f4i nh\u00e0 th\u1ee9 hai cho nh\u1eefng ng\u01b0\u1eddi n\u01b0\u1edbc ngo\u00e0i kh\u00f4ng mu\u1ed1n r\u1eddi \u0111i khi h\u1ecd sinh s\u1ed1ng \u1edf \u0111\u00e2y.\n            <\/p>\n            <ul class=\"links\">\n                <li>\n                    <a href=\"http:\/\/www.city.kobe.lg.jp\" target=\"_blank\" rel=\"noopener\">\n                        <p class=\"ttl\">Trang web ch\u00ednh th\u1ee9c c\u1ee7a th\u00e0nh ph\u1ed1 Kobe<\/p>\n                        <p class=\"link\">http:\/\/www.city.kobe.lg.jp<\/p>\n                    <\/a>\n                <\/li>\n                <li>\n                    <a href=\"http:\/\/www.feel-kobe.jp\" target=\"_blank\" rel=\"noopener\">\n                        <p class=\"ttl\">H\u01b0\u1edbng d\u1eabn du l\u1ecbch th\u00e0nh ph\u1ed1 Kobe<\/p>\n                        <p class=\"link\">http:\/\/www.feel-kobe.jp<\/p>\n                    <\/a>\n                <\/li>\n                <li>\n                    <a href=\"http:\/\/www.nankinmachi.or.jp\" target=\"_blank\" rel=\"noopener\">\n                        <p class=\"ttl\">Khu ph\u1ed1 T\u00e0u &#8220;Nankinmachi&#8221; c\u1ee7a Kobe<\/p>\n                        <p class=\"link\">http:\/\/www.nankinmachi.or.jp<\/p>\n                    <\/a>\n                <\/li>\n            <\/ul>\n            <div class=\"slide_area\">\n                <div class=\"kobe_slider\">\n                    <div class=\"slide\">\n                        <p class=\"img\"><img decoding=\"async\" src=\"https:\/\/www.sis-ac.com\/wp-content\/themes\/sis\/img\/japanese\/kobe_slide01.jpg\" alt=\"\u6625\u7bc0\u796d\uff08\u5357\u4eac\u753a\uff09 2\u6708\"><\/p>\n                        <p class=\"ttl\">L\u1ec5 h\u1ed9i Xu\u00e2n (Nankinmachi) th\u00e1ng 2<\/p>\n                    <\/div>\n                    <div class=\"slide\">\n                        <p class=\"img\"><img decoding=\"async\" src=\"https:\/\/www.sis-ac.com\/wp-content\/themes\/sis\/img\/japanese\/kobe_slide01.jpg\" alt=\"\u6625\u7bc0\u796d\uff08\u5357\u4eac\u753a\uff09 2\u6708\"><\/p>\n                        <p class=\"ttl\">L\u1ec5 h\u1ed9i Xu\u00e2n (Nankinmachi) th\u00e1ng 2<\/p>\n                    <\/div>\n                    <div class=\"slide\">\n                        <p class=\"img\"><img decoding=\"async\" src=\"https:\/\/www.sis-ac.com\/wp-content\/themes\/sis\/img\/japanese\/kobe_slide01.jpg\" alt=\"\u6625\u7bc0\u796d\uff08\u5357\u4eac\u753a\uff09 2\u6708\"><\/p>\n                        <p class=\"ttl\">L\u1ec5 h\u1ed9i Xu\u00e2n (Nankinmachi) th\u00e1ng 2<\/p>\n                    <\/div>\n                    <div class=\"slide\">\n                        <p class=\"img\"><img decoding=\"async\" src=\"https:\/\/www.sis-ac.com\/wp-content\/themes\/sis\/img\/japanese\/kobe_slide01.jpg\" alt=\"\u6625\u7bc0\u796d\uff08\u5357\u4eac\u753a\uff09 2\u6708\"><\/p>\n                        <p class=\"ttl\">L\u1ec5 h\u1ed9i Xu\u00e2n (Nankinmachi) th\u00e1ng 2<\/p>\n                    <\/div>\n                <\/div>\n            <\/div>\n        <\/div>\n        <p class=\"btn\"><a href=\"\/vi\/graduate_essay\/\">B\u00e0i Lu\u1eadn c\u1ee7a Ng\u01b0\u1eddi T\u1ed1t Nghi\u1ec7p<\/a><\/p>\n    <\/div>\n<\/section>\n","protected":false},"excerpt":{"rendered":"<p>Ch\u00e0o m\u1eebng b\u1ea1n \u0111\u1ebfn v\u1edbi Tr\u01b0\u1eddng Nh\u1eadt ng\u1eef Qu\u1ed1c t\u1ebf Sumiyoshi Kobe. T\u1ea1i Tr\u01b0\u1eddng Nh\u1eadt ng\u1eef Qu\u1ed1c t\u1ebf Kobe Sumiyoshi, h\u1ecdc vi\u00ean kh\u00f4ng ch\u1ec9 h\u1ecdc ng\u00f4n ng\u1eef ti\u1ebfng Nh\u1eadt m\u00e0 c\u00f2n \u0111\u01b0\u1ee3c h\u1ecdc h\u1ecfi, t\u00ecm hi\u1ec3u s\u00e2u v\u1ec1 v\u0103n h\u00f3a. Nh\u00e0 Tr\u01b0\u1eddng lu\u00f4n lu\u00f4n t\u1ea1o \u0111i\u1ec1u ki\u1ec7n v\u00e0 m\u00f4i tr\u01b0\u1eddng h\u1ecdc t\u1eadp l\u00fd t\u01b0\u1edfng cho [&hellip;]<\/p>\n","protected":false},"author":1,"featured_media":0,"parent":0,"menu_order":0,"comment_status":"closed","ping_status":"closed","template":"","meta":{"_locale":"vi","_original_post":"https:\/\/www.sis-ac.com\/?page_id=12","footnotes":""},"class_list":["post-108","page","type-page","status-publish","hentry","vi"],"_links":{"self":[{"href":"https:\/\/www.sis-ac.com\/wp-json\/wp\/v2\/pages\/108","targetHints":{"allow":["GET"]}}],"collection":[{"href":"https:\/\/www.sis-ac.com\/wp-json\/wp\/v2\/pages"}],"about":[{"href":"https:\/\/www.sis-ac.com\/wp-json\/wp\/v2\/types\/page"}],"author":[{"embeddable":true,"href":"https:\/\/www.sis-ac.com\/wp-json\/wp\/v2\/users\/1"}],"replies":[{"embeddable":true,"href":"https:\/\/www.sis-ac.com\/wp-json\/wp\/v2\/comments?post=108"}],"version-history":[{"count":14,"href":"https:\/\/www.sis-ac.com\/wp-json\/wp\/v2\/pages\/108\/revisions"}],"predecessor-version":[{"id":71850,"href":"https:\/\/www.sis-ac.com\/wp-json\/wp\/v2\/pages\/108\/revisions\/71850"}],"wp:attachment":[{"href":"https:\/\/www.sis-ac.com\/wp-json\/wp\/v2\/media?parent=108"}],"curies":[{"name":"wp","href":"https:\/\/api.w.org\/{rel}","templated":true}]}}